{"id":4806,"date":"2022-03-29T14:12:33","date_gmt":"2022-03-29T17:12:33","guid":{"rendered":"https:\/\/allcancetec.com.br\/?page_id=4806"},"modified":"2023-08-01T12:23:19","modified_gmt":"2023-08-01T15:23:19","slug":"case-tecnotri","status":"publish","type":"page","link":"https:\/\/allcancetec.com.br\/es\/case-tecnotri\/","title":{"rendered":"Case Tecnotri"},"content":{"rendered":"<div data-elementor-type=\"wp-page\" data-elementor-id=\"4806\" class=\"elementor elementor-4806\" data-elementor-post-type=\"page\">\n\t\t\t\t\t\t<section class=\"elementor-section elementor-top-section elementor-element elementor-element-dad11b5 ot-traditional elementor-section-boxed elementor-section-height-default elementor-section-height-default\" data-id=\"dad11b5\" data-element_type=\"section\">\n\t\t\t\t\t\t<div class=\"elementor-container elementor-column-gap-default\">\n\t\t\t\t\t<div class=\"elementor-column elementor-col-50 elementor-top-column elementor-element elementor-element-b82362c ot-flex-column-vertical\" data-id=\"b82362c\" data-element_type=\"column\">\n\t\t\t<div class=\"elementor-widget-wrap elementor-element-populated\">\n\t\t\t\t\t\t<div class=\"elementor-element elementor-element-ed66603 elementor-widget elementor-widget-text-editor\" data-id=\"ed66603\" data-element_type=\"widget\" data-widget_type=\"text-editor.default\">\n\t\t\t\t<div class=\"elementor-widget-container\">\n\t\t\t\t\t\t\t\t\t<p>MONITOREAR EL\nDESEMPE\u00d1O<\/p>\t\t\t\t\t\t\t\t<\/div>\n\t\t\t\t<\/div>\n\t\t\t\t<div class=\"elementor-element elementor-element-dd0c2d3 elementor-widget elementor-widget-text-editor\" data-id=\"dd0c2d3\" data-element_type=\"widget\" data-widget_type=\"text-editor.default\">\n\t\t\t\t<div class=\"elementor-widget-container translation-block\">DE UNA DE LAS \nINDUSTRIAS DE <br>  ROTOMOLDEO\nM\u00c1S GRANDES<br> \nDEL PA\u00cdS<\/div>\n\t\t\t\t<\/div>\n\t\t\t\t<div class=\"elementor-element elementor-element-9d32101 elementor-widget elementor-widget-text-editor\" data-id=\"9d32101\" data-element_type=\"widget\" data-widget_type=\"text-editor.default\">\n\t\t\t\t<div class=\"elementor-widget-container\">\n\t\t\t\t\t\t\t\t\t<p>Descubra c\u00f3mo MES Enterprise de Allcance ayud\u00f3 a\nTecnotri a reducir el tiempo de inactividad de las\nm\u00e1quinas en un 60 % y aumentar el OEE en un 53 %,\nmonitoreando el 100 % del proceso de producci\u00f3n de\nla f\u00e1brica.<\/p>\t\t\t\t\t\t\t\t<\/div>\n\t\t\t\t<\/div>\n\t\t\t\t<div class=\"elementor-element elementor-element-c878bd7 elementor-widget elementor-widget-image\" data-id=\"c878bd7\" data-element_type=\"widget\" data-widget_type=\"image.default\">\n\t\t\t\t<div class=\"elementor-widget-container\">\n\t\t\t\t\t\t\t\t\t\t\t\t\t\t\t<img fetchpriority=\"high\" decoding=\"async\" width=\"800\" height=\"935\" src=\"https:\/\/allcancetec.com.br\/wp-content\/uploads\/2022\/03\/Case-mes.png\" class=\"attachment-large size-large wp-image-4809\" alt=\"\" srcset=\"https:\/\/allcancetec.com.br\/wp-content\/uploads\/2022\/03\/Case-mes.png 800w, https:\/\/allcancetec.com.br\/wp-content\/uploads\/2022\/03\/Case-mes-257x300.png 257w, https:\/\/allcancetec.com.br\/wp-content\/uploads\/2022\/03\/Case-mes-768x898.png 768w, https:\/\/allcancetec.com.br\/wp-content\/uploads\/2022\/03\/Case-mes-720x842.png 720w\" sizes=\"(max-width: 800px) 100vw, 800px\" \/>\t\t\t\t\t\t\t\t\t\t\t\t\t\t\t<\/div>\n\t\t\t\t<\/div>\n\t\t\t\t\t<\/div>\n\t\t<\/div>\n\t\t\t\t<div class=\"elementor-column elementor-col-50 elementor-top-column elementor-element elementor-element-8f5d2b4 ot-flex-column-vertical\" data-id=\"8f5d2b4\" data-element_type=\"column\" data-settings=\"{&quot;background_background&quot;:&quot;classic&quot;}\">\n\t\t\t<div class=\"elementor-widget-wrap elementor-element-populated\">\n\t\t\t\t\t\t<div class=\"elementor-element elementor-element-b990fc3 elementor-widget elementor-widget-text-editor\" data-id=\"b990fc3\" data-element_type=\"widget\" data-widget_type=\"text-editor.default\">\n\t\t\t\t<div class=\"elementor-widget-container\">\n\t\t\t\t\t\t\t\t\t<p>Para acceder al caso completo, simplemente complete el formulario y descargue el folleto.<\/p>\t\t\t\t\t\t\t\t<\/div>\n\t\t\t\t<\/div>\n\t\t\t\t<div class=\"elementor-element elementor-element-9944377 elementor-widget elementor-widget-htcontactform-addons\" data-id=\"9944377\" data-element_type=\"widget\" data-widget_type=\"htcontactform-addons.default\">\n\t\t\t\t<div class=\"elementor-widget-container\">\n\t\t\t\t\t            <div class=\"htcontact-form-wrapper\" >\n                \n<div class=\"wpcf7 no-js\" id=\"wpcf7-f4835-o1\" lang=\"pt-BR\" dir=\"ltr\" data-wpcf7-id=\"4835\">\n<div class=\"screen-reader-response\"><p role=\"status\" aria-live=\"polite\" aria-atomic=\"true\"><\/p> <ul><\/ul><\/div>\n<form action=\"\/es\/wp-json\/wp\/v2\/pages\/4806#wpcf7-f4835-o1\" method=\"post\" class=\"wpcf7-form init\" aria-label=\"Formul\u00e1rios de contato\" novalidate=\"novalidate\" data-status=\"init\" data-trp-original-action=\"\/es\/wp-json\/wp\/v2\/pages\/4806#wpcf7-f4835-o1\">\n<div style=\"display: none;\">\n<input type=\"hidden\" name=\"_wpcf7\" value=\"4835\" \/>\n<input type=\"hidden\" name=\"_wpcf7_version\" value=\"6.0.6\" \/>\n<input type=\"hidden\" name=\"_wpcf7_locale\" value=\"pt_BR\" \/>\n<input type=\"hidden\" name=\"_wpcf7_unit_tag\" value=\"wpcf7-f4835-o1\" \/>\n<input type=\"hidden\" name=\"_wpcf7_container_post\" value=\"0\" \/>\n<input type=\"hidden\" name=\"_wpcf7_posted_data_hash\" value=\"\" \/>\n<input type=\"hidden\" name=\"_wpcf7_recaptcha_response\" value=\"\" \/>\n<\/div>\n<p><label> Nombre<br \/>\n<span class=\"wpcf7-form-control-wrap\" data-name=\"nome\"><input size=\"40\" maxlength=\"400\" class=\"wpcf7-form-control wpcf7-text wpcf7-validates-as-required\" aria-required=\"true\" aria-invalid=\"false\" value=\"\" type=\"text\" name=\"nome\" \/><\/span> <\/label>\n<\/p>\n<p><label> Email<br \/>\n<span class=\"wpcf7-form-control-wrap\" data-name=\"email\"><input size=\"40\" maxlength=\"400\" class=\"wpcf7-form-control wpcf7-email wpcf7-validates-as-required wpcf7-text wpcf7-validates-as-email\" aria-required=\"true\" aria-invalid=\"false\" value=\"\" type=\"email\" name=\"email\" \/><\/span> <\/label>\n<\/p>\n<p><label> Tel\u00e9fono<br \/>\n<span class=\"wpcf7-form-control-wrap\" data-name=\"telefone\"><input size=\"40\" maxlength=\"400\" class=\"wpcf7-form-control wpcf7-text wpcf7-validates-as-required\" aria-required=\"true\" aria-invalid=\"false\" value=\"\" type=\"text\" name=\"telefone\" \/><\/span> <\/label>\n<\/p>\n<p><label> Empresa<br \/>\n<span class=\"wpcf7-form-control-wrap\" data-name=\"empresa\"><input size=\"40\" maxlength=\"400\" class=\"wpcf7-form-control wpcf7-text wpcf7-validates-as-required\" aria-required=\"true\" aria-invalid=\"false\" value=\"\" type=\"text\" name=\"empresa\" \/><\/span> <\/label>\n<\/p>\n<p><label> Cargo*<br \/>\n<span class=\"wpcf7-form-control-wrap\" data-name=\"cargo\"><input size=\"40\" maxlength=\"400\" class=\"wpcf7-form-control wpcf7-text wpcf7-validates-as-required\" aria-required=\"true\" aria-invalid=\"false\" value=\"\" type=\"text\" name=\"cargo\" \/><\/span> <\/label>\n<\/p>\n<p><label> Segmento*<br \/>\n<span class=\"wpcf7-form-control-wrap\" data-name=\"segmento\"><input size=\"40\" maxlength=\"400\" class=\"wpcf7-form-control wpcf7-text wpcf7-validates-as-required\" aria-required=\"true\" aria-invalid=\"false\" value=\"\" type=\"text\" name=\"segmento\" \/><\/span> <\/label>\n<\/p>\n<p><label> N\u00famero de Empleados*<br \/>\n<span class=\"wpcf7-form-control-wrap\" data-name=\"colaboradores\"><select class=\"wpcf7-form-control wpcf7-select wpcf7-validates-as-required\" aria-required=\"true\" aria-invalid=\"false\" name=\"colaboradores\"><option value=\"\">&#8212;Escolha uma op\u00e7\u00e3o&#8212;<\/option><option value=\"1 a 10 colaboradores\">De 1 a 10 empleados<\/option><option value=\"11 a 50 colaboradores\">11 a 50 empleados<\/option><option value=\"51 a 100 colaboradores\">De 51 a 100 empleados<\/option><option value=\"Mais de 100 colaboradores\">M\u00e1s de 100 empleados<\/option><\/select><\/span> <\/label>\n<\/p>\n<input class=\"wpcf7-form-control wpcf7-hidden\" value=\"Form-Folheto-Tecnotri\" type=\"hidden\" name=\"form-name\" \/>\n<p><input class=\"wpcf7-form-control wpcf7-submit has-spinner\" type=\"submit\" value=\"Descargar Folleto\" \/>\n<\/p><div class=\"wpcf7-response-output\" aria-hidden=\"true\"><\/div>\n<input type=\"hidden\" name=\"trp-form-language\" value=\"es\"\/><\/form>\n<\/div>\n            <\/div>\n\n        \t\t\t\t<\/div>\n\t\t\t\t<\/div>\n\t\t\t\t\t<\/div>\n\t\t<\/div>\n\t\t\t\t\t<\/div>\n\t\t<\/section>\n\t\t\t\t<section class=\"elementor-section elementor-top-section elementor-element elementor-element-488cbff ot-traditional elementor-section-boxed elementor-section-height-default elementor-section-height-default\" data-id=\"488cbff\" data-element_type=\"section\" data-settings=\"{&quot;background_background&quot;:&quot;classic&quot;}\">\n\t\t\t\t\t\t<div class=\"elementor-container elementor-column-gap-default\">\n\t\t\t\t\t<div class=\"elementor-column elementor-col-100 elementor-top-column elementor-element elementor-element-b111198 ot-flex-column-vertical\" data-id=\"b111198\" data-element_type=\"column\">\n\t\t\t<div class=\"elementor-widget-wrap elementor-element-populated\">\n\t\t\t\t\t\t<div class=\"elementor-element elementor-element-c692cd3 elementor-widget elementor-widget-text-editor\" data-id=\"c692cd3\" data-element_type=\"widget\" data-widget_type=\"text-editor.default\">\n\t\t\t\t<div class=\"elementor-widget-container\">\n\t\t\t\t\t\t\t\t\tLO QUE ENCONTRAR\u00c1<br> EN ESTE MATERIAL\t\t\t\t\t\t\t\t<\/div>\n\t\t\t\t<\/div>\n\t\t\t\t\t<\/div>\n\t\t<\/div>\n\t\t\t\t\t<\/div>\n\t\t<\/section>\n\t\t\t\t<section class=\"elementor-section elementor-top-section elementor-element elementor-element-2afab1b ot-traditional elementor-section-boxed elementor-section-height-default elementor-section-height-default\" data-id=\"2afab1b\" data-element_type=\"section\" data-settings=\"{&quot;background_background&quot;:&quot;classic&quot;}\">\n\t\t\t\t\t\t<div class=\"elementor-container elementor-column-gap-default\">\n\t\t\t\t\t<div class=\"elementor-column elementor-col-100 elementor-top-column elementor-element elementor-element-451eb29 ot-flex-column-vertical\" data-id=\"451eb29\" data-element_type=\"column\">\n\t\t\t<div class=\"elementor-widget-wrap elementor-element-populated\">\n\t\t\t\t\t\t<div class=\"elementor-element elementor-element-e564d78 elementor-widget elementor-widget-text-editor\" data-id=\"e564d78\" data-element_type=\"widget\" data-widget_type=\"text-editor.default\">\n\t\t\t\t<div class=\"elementor-widget-container\">\n\t\t\t\t\t\t\t\t\tTecnotri Ind\u00fastria de Pl\u00e1sticos opera en el mercado desde hace m\u00e1s de 20 a\u00f1os,\nproduciendo una l\u00ednea completa de productos para log\u00edstica interna, externa y\ninversa, mediante un proceso de fabricaci\u00f3n conocido como rotomoldeo de\npl\u00e1stico.<br><br> Desde su fundaci\u00f3n, Tecnotri siempre ha prestado especial atenci\u00f3n a la eficiencia\nde la producci\u00f3n, entendiendo que cuanto m\u00e1s eficiente sea, mejor ser\u00e1 la\nentrega a los clientes. <br><br>Sin embargo, la mayor dificultad siempre fue la calidad de la informaci\u00f3n, ya que\nlos datos estaban dispersos en otro sistema o en hojas de control. Otro problema\nfue la transformaci\u00f3n de los datos en indicadores, ya que el proceso era muy\nlaborioso y desactualizado, ya que la informaci\u00f3n solo se actualizaba una vez al\nmes.<br><br> Allcance ha tardado s\u00f3lo 7 meses en realizar las primeras pruebas de notas y 3\nmeses en instalar la monitorizaci\u00f3n completa en todas las m\u00e1quinas Tecnotri. <br><br>En este material podr\u00e1s consultar el detalle del proceso implementado e\ninformaci\u00f3n en profundidad sobre los resultados obtenidos con MES Enterprise\t\t\t\t\t\t\t\t<\/div>\n\t\t\t\t<\/div>\n\t\t\t\t\t<\/div>\n\t\t<\/div>\n\t\t\t\t\t<\/div>\n\t\t<\/section>\n\t\t\t\t<section class=\"elementor-section elementor-top-section elementor-element elementor-element-9cfe4bc elementor-section-full_width ot-traditional elementor-section-height-default elementor-section-height-default\" data-id=\"9cfe4bc\" data-element_type=\"section\">\n\t\t\t\t\t\t<div class=\"elementor-container elementor-column-gap-default\">\n\t\t\t\t\t<div class=\"elementor-column elementor-col-100 elementor-top-column elementor-element elementor-element-97f2f16 ot-flex-column-vertical\" data-id=\"97f2f16\" data-element_type=\"column\">\n\t\t\t<div class=\"elementor-widget-wrap elementor-element-populated\">\n\t\t\t\t\t\t<div class=\"elementor-element elementor-element-a6387b5 elementor-cta--layout-image-right elementor-cta--mobile-layout-image-above elementor-cta--skin-classic elementor-animated-content elementor-bg-transform elementor-bg-transform-zoom-in elementor-widget elementor-widget-call-to-action\" data-id=\"a6387b5\" data-element_type=\"widget\" data-widget_type=\"call-to-action.default\">\n\t\t\t\t<div class=\"elementor-widget-container\">\n\t\t\t\t\t\t\t<div class=\"elementor-cta\">\n\t\t\t\t\t<div class=\"elementor-cta__bg-wrapper\">\n\t\t\t\t<div class=\"elementor-cta__bg elementor-bg\" style=\"background-image: url(https:\/\/allcancetec.com.br\/wp-content\/uploads\/2022\/03\/case-imagem.jpg);\" role=\"img\" aria-label=\"case-imagem\"><\/div>\n\t\t\t\t<div class=\"elementor-cta__bg-overlay\"><\/div>\n\t\t\t<\/div>\n\t\t\t\t\t\t\t<div class=\"elementor-cta__content\">\n\t\t\t\t\n\t\t\t\t\t\t\t\t\t<h2 class=\"elementor-cta__title elementor-cta__content-item elementor-content-item translation-block\">Resultados de <br> MES Enterprise\n<br> en Tecnotri<\/h2>\n\t\t\t\t\n\t\t\t\t\t\t\t\t\t<div class=\"elementor-cta__description elementor-cta__content-item elementor-content-item\">\n\t\t\t\t\t\t\u2022 Creaci\u00f3n de un ambiente de mejora continua;<br><br>\n\u2022 Eliminaci\u00f3n de actividades de recopilaci\u00f3n de datos y\nalimentaci\u00f3n de indicadores;<br><br>\n\u2022 Reducci\u00f3n del 60% en el tiempo de inactividad de las\nm\u00e1quinas;<br><br>\n\u2022 Reducci\u00f3n del 50% de las no conformidades;<br><br>\n\u2022 Reducci\u00f3n del 45% en el tiempo de preparaci\u00f3n;<br><br>\n\u2022 Aumento del 53% en OEE;<br><br>\n\u2022 20% de aumento en el peso procesado;\t\t\t\t\t<\/div>\n\t\t\t\t\n\t\t\t\t\t\t\t<\/div>\n\t\t\t\t\t\t<\/div>\n\t\t\t\t\t\t<\/div>\n\t\t\t\t<\/div>\n\t\t\t\t\t<\/div>\n\t\t<\/div>\n\t\t\t\t\t<\/div>\n\t\t<\/section>\n\t\t\t\t<\/div>","protected":false},"excerpt":{"rendered":"<p>Monitorando o desempenho de uma das maiores ind\u00fastrias de rotomoldagem do pa\u00eds Descubra como o MES Enterprise da Allcance auxiliou a Tecnotri a reduzir 60% o tempo de m\u00e1quina parada e aumentar 53% do OEE, monitorando 100% do processo produtivo da f\u00e1brica. Para acessar o case completo, basta preencher o formul\u00e1rio e baixar o folheto. [&hellip;]<\/p>","protected":false},"author":12,"featured_media":0,"parent":0,"menu_order":0,"comment_status":"closed","ping_status":"closed","template":"elementor_header_footer","meta":{"footnotes":""},"class_list":["post-4806","page","type-page","status-publish","hentry"],"yoast_head":"<!-- This site is optimized with the Yoast SEO plugin v27.2 - https:\/\/yoast.com\/product\/yoast-seo-wordpress\/ -->\n<title>Case Tecnotri - Allcance Tecnologia<\/title>\n<meta name=\"robots\" content=\"index, follow, max-snippet:-1, max-image-preview:large, max-video-preview:-1\" \/>\n<link rel=\"canonical\" href=\"https:\/\/allcancetec.com.br\/es\/case-tecnotri\/\" \/>\n<meta property=\"og:locale\" content=\"es_ES\" \/>\n<meta property=\"og:type\" content=\"article\" \/>\n<meta property=\"og:title\" content=\"Case Tecnotri - Allcance Tecnologia\" \/>\n<meta property=\"og:description\" content=\"Monitorando o desempenho de uma das maiores ind\u00fastrias de rotomoldagem do pa\u00eds Descubra como o MES Enterprise da Allcance auxiliou a Tecnotri a reduzir 60% o tempo de m\u00e1quina parada e aumentar 53% do OEE, monitorando 100% do processo produtivo da f\u00e1brica. Para acessar o case completo, basta preencher o formul\u00e1rio e baixar o folheto. [&hellip;]\" \/>\n<meta property=\"og:url\" content=\"https:\/\/allcancetec.com.br\/es\/case-tecnotri\/\" \/>\n<meta property=\"og:site_name\" content=\"Allcance Tecnologia\" \/>\n<meta property=\"article:modified_time\" content=\"2023-08-01T15:23:19+00:00\" \/>\n<meta property=\"og:image\" content=\"https:\/\/allcancetec.com.br\/wp-content\/uploads\/2022\/03\/Case-mes.png\" \/>\n<meta name=\"twitter:card\" content=\"summary_large_image\" \/>\n<meta name=\"twitter:label1\" content=\"Tiempo de lectura\" \/>\n\t<meta name=\"twitter:data1\" content=\"2 minutos\" \/>\n<script type=\"application\/ld+json\" class=\"yoast-schema-graph\">{\"@context\":\"https:\/\/schema.org\",\"@graph\":[{\"@type\":\"WebPage\",\"@id\":\"https:\/\/allcancetec.com.br\/case-tecnotri\/\",\"url\":\"https:\/\/allcancetec.com.br\/case-tecnotri\/\",\"name\":\"Case Tecnotri - Allcance Tecnologia\",\"isPartOf\":{\"@id\":\"https:\/\/allcancetec.com.br\/#website\"},\"primaryImageOfPage\":{\"@id\":\"https:\/\/allcancetec.com.br\/case-tecnotri\/#primaryimage\"},\"image\":{\"@id\":\"https:\/\/allcancetec.com.br\/case-tecnotri\/#primaryimage\"},\"thumbnailUrl\":\"https:\/\/allcancetec.com.br\/wp-content\/uploads\/2022\/03\/Case-mes.png\",\"datePublished\":\"2022-03-29T17:12:33+00:00\",\"dateModified\":\"2023-08-01T15:23:19+00:00\",\"breadcrumb\":{\"@id\":\"https:\/\/allcancetec.com.br\/case-tecnotri\/#breadcrumb\"},\"inLanguage\":\"es\",\"potentialAction\":[{\"@type\":\"ReadAction\",\"target\":[\"https:\/\/allcancetec.com.br\/case-tecnotri\/\"]}]},{\"@type\":\"ImageObject\",\"inLanguage\":\"es\",\"@id\":\"https:\/\/allcancetec.com.br\/case-tecnotri\/#primaryimage\",\"url\":\"https:\/\/allcancetec.com.br\/wp-content\/uploads\/2022\/03\/Case-mes.png\",\"contentUrl\":\"https:\/\/allcancetec.com.br\/wp-content\/uploads\/2022\/03\/Case-mes.png\"},{\"@type\":\"BreadcrumbList\",\"@id\":\"https:\/\/allcancetec.com.br\/case-tecnotri\/#breadcrumb\",\"itemListElement\":[{\"@type\":\"ListItem\",\"position\":1,\"name\":\"In\u00edcio\",\"item\":\"https:\/\/allcancetec.com.br\/\"},{\"@type\":\"ListItem\",\"position\":2,\"name\":\"Case Tecnotri\"}]},{\"@type\":\"WebSite\",\"@id\":\"https:\/\/allcancetec.com.br\/#website\",\"url\":\"https:\/\/allcancetec.com.br\/\",\"name\":\"Allcance Tecnologia\",\"description\":\"Software para industrial 4.0\",\"publisher\":{\"@id\":\"https:\/\/allcancetec.com.br\/#organization\"},\"potentialAction\":[{\"@type\":\"SearchAction\",\"target\":{\"@type\":\"EntryPoint\",\"urlTemplate\":\"https:\/\/allcancetec.com.br\/?s={search_term_string}\"},\"query-input\":{\"@type\":\"PropertyValueSpecification\",\"valueRequired\":true,\"valueName\":\"search_term_string\"}}],\"inLanguage\":\"es\"},{\"@type\":\"Organization\",\"@id\":\"https:\/\/allcancetec.com.br\/#organization\",\"name\":\"Allcance Tecnologia\",\"url\":\"https:\/\/allcancetec.com.br\/\",\"logo\":{\"@type\":\"ImageObject\",\"inLanguage\":\"es\",\"@id\":\"https:\/\/allcancetec.com.br\/#\/schema\/logo\/image\/\",\"url\":\"https:\/\/allcancetec.com.br\/wp-content\/uploads\/2021\/02\/Logo-Allcance-Horizontal.png\",\"contentUrl\":\"https:\/\/allcancetec.com.br\/wp-content\/uploads\/2021\/02\/Logo-Allcance-Horizontal.png\",\"width\":500,\"height\":200,\"caption\":\"Allcance Tecnologia\"},\"image\":{\"@id\":\"https:\/\/allcancetec.com.br\/#\/schema\/logo\/image\/\"}}]}<\/script>\n<!-- \/ Yoast SEO plugin. -->","yoast_head_json":{"title":"Case Tecnotri - Allcance Tecnologia","robots":{"index":"index","follow":"follow","max-snippet":"max-snippet:-1","max-image-preview":"max-image-preview:large","max-video-preview":"max-video-preview:-1"},"canonical":"https:\/\/allcancetec.com.br\/es\/case-tecnotri\/","og_locale":"es_ES","og_type":"article","og_title":"Case Tecnotri - Allcance Tecnologia","og_description":"Monitorando o desempenho de uma das maiores ind\u00fastrias de rotomoldagem do pa\u00eds Descubra como o MES Enterprise da Allcance auxiliou a Tecnotri a reduzir 60% o tempo de m\u00e1quina parada e aumentar 53% do OEE, monitorando 100% do processo produtivo da f\u00e1brica. Para acessar o case completo, basta preencher o formul\u00e1rio e baixar o folheto. [&hellip;]","og_url":"https:\/\/allcancetec.com.br\/es\/case-tecnotri\/","og_site_name":"Allcance Tecnologia","article_modified_time":"2023-08-01T15:23:19+00:00","og_image":[{"url":"https:\/\/allcancetec.com.br\/wp-content\/uploads\/2022\/03\/Case-mes.png","type":"","width":"","height":""}],"twitter_card":"summary_large_image","twitter_misc":{"Tiempo de lectura":"2 minutos"},"schema":{"@context":"https:\/\/schema.org","@graph":[{"@type":"WebPage","@id":"https:\/\/allcancetec.com.br\/case-tecnotri\/","url":"https:\/\/allcancetec.com.br\/case-tecnotri\/","name":"Case Tecnotri - Allcance Tecnologia","isPartOf":{"@id":"https:\/\/allcancetec.com.br\/#website"},"primaryImageOfPage":{"@id":"https:\/\/allcancetec.com.br\/case-tecnotri\/#primaryimage"},"image":{"@id":"https:\/\/allcancetec.com.br\/case-tecnotri\/#primaryimage"},"thumbnailUrl":"https:\/\/allcancetec.com.br\/wp-content\/uploads\/2022\/03\/Case-mes.png","datePublished":"2022-03-29T17:12:33+00:00","dateModified":"2023-08-01T15:23:19+00:00","breadcrumb":{"@id":"https:\/\/allcancetec.com.br\/case-tecnotri\/#breadcrumb"},"inLanguage":"es","potentialAction":[{"@type":"ReadAction","target":["https:\/\/allcancetec.com.br\/case-tecnotri\/"]}]},{"@type":"ImageObject","inLanguage":"es","@id":"https:\/\/allcancetec.com.br\/case-tecnotri\/#primaryimage","url":"https:\/\/allcancetec.com.br\/wp-content\/uploads\/2022\/03\/Case-mes.png","contentUrl":"https:\/\/allcancetec.com.br\/wp-content\/uploads\/2022\/03\/Case-mes.png"},{"@type":"BreadcrumbList","@id":"https:\/\/allcancetec.com.br\/case-tecnotri\/#breadcrumb","itemListElement":[{"@type":"ListItem","position":1,"name":"In\u00edcio","item":"https:\/\/allcancetec.com.br\/"},{"@type":"ListItem","position":2,"name":"Case Tecnotri"}]},{"@type":"WebSite","@id":"https:\/\/allcancetec.com.br\/#website","url":"https:\/\/allcancetec.com.br\/","name":"Allcance Tecnologia","description":"Software para industrial 4.0","publisher":{"@id":"https:\/\/allcancetec.com.br\/#organization"},"potentialAction":[{"@type":"SearchAction","target":{"@type":"EntryPoint","urlTemplate":"https:\/\/allcancetec.com.br\/?s={search_term_string}"},"query-input":{"@type":"PropertyValueSpecification","valueRequired":true,"valueName":"search_term_string"}}],"inLanguage":"es"},{"@type":"Organization","@id":"https:\/\/allcancetec.com.br\/#organization","name":"Allcance Tecnologia","url":"https:\/\/allcancetec.com.br\/","logo":{"@type":"ImageObject","inLanguage":"es","@id":"https:\/\/allcancetec.com.br\/#\/schema\/logo\/image\/","url":"https:\/\/allcancetec.com.br\/wp-content\/uploads\/2021\/02\/Logo-Allcance-Horizontal.png","contentUrl":"https:\/\/allcancetec.com.br\/wp-content\/uploads\/2021\/02\/Logo-Allcance-Horizontal.png","width":500,"height":200,"caption":"Allcance Tecnologia"},"image":{"@id":"https:\/\/allcancetec.com.br\/#\/schema\/logo\/image\/"}}]}},"_links":{"self":[{"href":"https:\/\/allcancetec.com.br\/es\/wp-json\/wp\/v2\/pages\/4806","targetHints":{"allow":["GET"]}}],"collection":[{"href":"https:\/\/allcancetec.com.br\/es\/wp-json\/wp\/v2\/pages"}],"about":[{"href":"https:\/\/allcancetec.com.br\/es\/wp-json\/wp\/v2\/types\/page"}],"author":[{"embeddable":true,"href":"https:\/\/allcancetec.com.br\/es\/wp-json\/wp\/v2\/users\/12"}],"replies":[{"embeddable":true,"href":"https:\/\/allcancetec.com.br\/es\/wp-json\/wp\/v2\/comments?post=4806"}],"version-history":[{"count":20,"href":"https:\/\/allcancetec.com.br\/es\/wp-json\/wp\/v2\/pages\/4806\/revisions"}],"predecessor-version":[{"id":5465,"href":"https:\/\/allcancetec.com.br\/es\/wp-json\/wp\/v2\/pages\/4806\/revisions\/5465"}],"wp:attachment":[{"href":"https:\/\/allcancetec.com.br\/es\/wp-json\/wp\/v2\/media?parent=4806"}],"curies":[{"name":"wp","href":"https:\/\/api.w.org\/{rel}","templated":true}]}}