{"id":4814,"date":"2022-03-29T14:52:36","date_gmt":"2022-03-29T17:52:36","guid":{"rendered":"https:\/\/allcancetec.com.br\/?page_id=4814"},"modified":"2023-08-01T16:47:27","modified_gmt":"2023-08-01T19:47:27","slug":"folheto-servicos","status":"publish","type":"page","link":"https:\/\/allcancetec.com.br\/en\/folheto-servicos\/","title":{"rendered":"Folheto Servi\u00e7os"},"content":{"rendered":"<div data-elementor-type=\"wp-page\" data-elementor-id=\"4814\" class=\"elementor elementor-4814\" data-elementor-post-type=\"page\">\n\t\t\t\t\t\t<section class=\"elementor-section elementor-top-section elementor-element elementor-element-dad11b5 ot-traditional elementor-section-boxed elementor-section-height-default elementor-section-height-default\" data-id=\"dad11b5\" data-element_type=\"section\">\n\t\t\t\t\t\t<div class=\"elementor-container elementor-column-gap-default\">\n\t\t\t\t\t<div class=\"elementor-column elementor-col-50 elementor-top-column elementor-element elementor-element-b82362c ot-flex-column-vertical\" data-id=\"b82362c\" data-element_type=\"column\">\n\t\t\t<div class=\"elementor-widget-wrap elementor-element-populated\">\n\t\t\t\t\t\t<div class=\"elementor-element elementor-element-ed66603 elementor-widget elementor-widget-text-editor\" data-id=\"ed66603\" data-element_type=\"widget\" data-widget_type=\"text-editor.default\">\n\t\t\t\t<div class=\"elementor-widget-container\">\n\t\t\t\t\t\t\t\t\t<p>The solution that your industry<br \/>needs<\/p>\t\t\t\t\t\t\t\t<\/div>\n\t\t\t\t<\/div>\n\t\t\t\t<div class=\"elementor-element elementor-element-dd0c2d3 elementor-widget elementor-widget-text-editor\" data-id=\"dd0c2d3\" data-element_type=\"widget\" data-widget_type=\"text-editor.default\">\n\t\t\t\t<div class=\"elementor-widget-container\">\n\t\t\t\t\t\t\t\t\tGet to know<br> Allcance's software\t\t\t\t\t\t\t\t<\/div>\n\t\t\t\t<\/div>\n\t\t\t\t<div class=\"elementor-element elementor-element-9d32101 elementor-widget elementor-widget-text-editor\" data-id=\"9d32101\" data-element_type=\"widget\" data-widget_type=\"text-editor.default\">\n\t\t\t\t<div class=\"elementor-widget-container\">\n\t\t\t\t\t\t\t\t\t<p>We provide efficient solutions and technological innovations to over 300 clients from different sectors of the market. We specialize in developing software for industries and currently offer the MES Enterprise, ERP, and APS systems for industrial management.<\/p>\t\t\t\t\t\t\t\t<\/div>\n\t\t\t\t<\/div>\n\t\t\t\t\t<\/div>\n\t\t<\/div>\n\t\t\t\t<div class=\"elementor-column elementor-col-50 elementor-top-column elementor-element elementor-element-8f5d2b4 ot-flex-column-vertical\" data-id=\"8f5d2b4\" data-element_type=\"column\" data-settings=\"{&quot;background_background&quot;:&quot;classic&quot;}\">\n\t\t\t<div class=\"elementor-widget-wrap elementor-element-populated\">\n\t\t\t\t\t\t<div class=\"elementor-element elementor-element-b990fc3 elementor-widget elementor-widget-text-editor\" data-id=\"b990fc3\" data-element_type=\"widget\" data-widget_type=\"text-editor.default\">\n\t\t\t\t<div class=\"elementor-widget-container\">\n\t\t\t\t\t\t\t\t\t<p>To learn about our software, simply fill out the form and download the brochure.<\/p>\t\t\t\t\t\t\t\t<\/div>\n\t\t\t\t<\/div>\n\t\t\t\t<div class=\"elementor-element elementor-element-a2eded4 elementor-widget elementor-widget-htcontactform-addons\" data-id=\"a2eded4\" data-element_type=\"widget\" data-widget_type=\"htcontactform-addons.default\">\n\t\t\t\t<div class=\"elementor-widget-container\">\n\t\t\t\t\t            <div class=\"htcontact-form-wrapper\" >\n                \n<div class=\"wpcf7 no-js\" id=\"wpcf7-f4761-o1\" lang=\"pt-BR\" dir=\"ltr\" data-wpcf7-id=\"4761\">\n<div class=\"screen-reader-response\"><p role=\"status\" aria-live=\"polite\" aria-atomic=\"true\"><\/p> <ul><\/ul><\/div>\n<form action=\"\/en\/wp-json\/wp\/v2\/pages\/4814#wpcf7-f4761-o1\" method=\"post\" class=\"wpcf7-form init\" aria-label=\"Formul\u00e1rios de contato\" novalidate=\"novalidate\" data-status=\"init\" data-trp-original-action=\"\/en\/wp-json\/wp\/v2\/pages\/4814#wpcf7-f4761-o1\">\n<div style=\"display: none;\">\n<input type=\"hidden\" name=\"_wpcf7\" value=\"4761\" \/>\n<input type=\"hidden\" name=\"_wpcf7_version\" value=\"6.0.6\" \/>\n<input type=\"hidden\" name=\"_wpcf7_locale\" value=\"pt_BR\" \/>\n<input type=\"hidden\" name=\"_wpcf7_unit_tag\" value=\"wpcf7-f4761-o1\" \/>\n<input type=\"hidden\" name=\"_wpcf7_container_post\" value=\"0\" \/>\n<input type=\"hidden\" name=\"_wpcf7_posted_data_hash\" value=\"\" \/>\n<input type=\"hidden\" name=\"_wpcf7_recaptcha_response\" value=\"\" \/>\n<\/div>\n<p><label> Name<br \/>\n<span class=\"wpcf7-form-control-wrap\" data-name=\"nome\"><input size=\"40\" maxlength=\"400\" class=\"wpcf7-form-control wpcf7-text wpcf7-validates-as-required\" aria-required=\"true\" aria-invalid=\"false\" value=\"\" type=\"text\" name=\"nome\" \/><\/span> <\/label>\n<\/p>\n<p><label> Corporate Email<br \/>\n<span class=\"wpcf7-form-control-wrap\" data-name=\"email\"><input size=\"40\" maxlength=\"400\" class=\"wpcf7-form-control wpcf7-email wpcf7-validates-as-required wpcf7-text wpcf7-validates-as-email\" aria-required=\"true\" aria-invalid=\"false\" value=\"\" type=\"email\" name=\"email\" \/><\/span> <\/label>\n<\/p>\n<p><label> Phone<br \/>\n<span class=\"wpcf7-form-control-wrap\" data-name=\"telefone\"><input size=\"40\" maxlength=\"400\" class=\"wpcf7-form-control wpcf7-text wpcf7-validates-as-required\" aria-required=\"true\" aria-invalid=\"false\" value=\"\" type=\"text\" name=\"telefone\" \/><\/span> <\/label>\n<\/p>\n<p><label> Company<br \/>\n<span class=\"wpcf7-form-control-wrap\" data-name=\"empresa\"><input size=\"40\" maxlength=\"400\" class=\"wpcf7-form-control wpcf7-text wpcf7-validates-as-required\" aria-required=\"true\" aria-invalid=\"false\" value=\"\" type=\"text\" name=\"empresa\" \/><\/span> <\/label>\n<\/p>\n<p><label> Position*<br \/>\n<span class=\"wpcf7-form-control-wrap\" data-name=\"cargo\"><input size=\"40\" maxlength=\"400\" class=\"wpcf7-form-control wpcf7-text wpcf7-validates-as-required\" aria-required=\"true\" aria-invalid=\"false\" value=\"\" type=\"text\" name=\"cargo\" \/><\/span> <\/label>\n<\/p>\n<p><label> Segment*<br \/>\n<span class=\"wpcf7-form-control-wrap\" data-name=\"segmento\"><input size=\"40\" maxlength=\"400\" class=\"wpcf7-form-control wpcf7-text wpcf7-validates-as-required\" aria-required=\"true\" aria-invalid=\"false\" value=\"\" type=\"text\" name=\"segmento\" \/><\/span> <\/label>\n<\/p>\n<p><label> Number of Employees*<br \/>\n<span class=\"wpcf7-form-control-wrap\" data-name=\"colaboradores\"><select class=\"wpcf7-form-control wpcf7-select wpcf7-validates-as-required\" aria-required=\"true\" aria-invalid=\"false\" name=\"colaboradores\"><option value=\"\">&#8212;Escolha uma op\u00e7\u00e3o&#8212;<\/option><option value=\"1 a 10 colaboradores\">1 to 10 employees<\/option><option value=\"11 a 50 colaboradores\">11 to 50 employees<\/option><option value=\"51 a 100 colaboradores\">51 to 100 employees<\/option><option value=\"Mais de 100 colaboradores\">More than 100 employees<\/option><\/select><\/span> <\/label>\n<\/p>\n<input class=\"wpcf7-form-control wpcf7-hidden\" value=\"Form-Folheto-MES\" type=\"hidden\" name=\"form-name\" \/>\n<p><input class=\"wpcf7-form-control wpcf7-submit has-spinner\" type=\"submit\" value=\"Download Brochure\" \/>\n<\/p><div class=\"wpcf7-response-output\" aria-hidden=\"true\"><\/div>\n<input type=\"hidden\" name=\"trp-form-language\" value=\"en\"\/><\/form>\n<\/div>\n            <\/div>\n\n        \t\t\t\t<\/div>\n\t\t\t\t<\/div>\n\t\t\t\t\t<\/div>\n\t\t<\/div>\n\t\t\t\t\t<\/div>\n\t\t<\/section>\n\t\t\t\t<section class=\"elementor-section elementor-top-section elementor-element elementor-element-488cbff ot-traditional elementor-section-boxed elementor-section-height-default elementor-section-height-default\" data-id=\"488cbff\" data-element_type=\"section\" data-settings=\"{&quot;background_background&quot;:&quot;classic&quot;}\">\n\t\t\t\t\t\t<div class=\"elementor-container elementor-column-gap-default\">\n\t\t\t\t\t<div class=\"elementor-column elementor-col-100 elementor-top-column elementor-element elementor-element-b111198 ot-flex-column-vertical\" data-id=\"b111198\" data-element_type=\"column\">\n\t\t\t<div class=\"elementor-widget-wrap elementor-element-populated\">\n\t\t\t\t\t\t<div class=\"elementor-element elementor-element-c692cd3 elementor-widget elementor-widget-text-editor\" data-id=\"c692cd3\" data-element_type=\"widget\" data-widget_type=\"text-editor.default\">\n\t\t\t\t<div class=\"elementor-widget-container\">\n\t\t\t\t\t\t\t\t\tWHAT YOU WILL FIND<br> IN THIS MATERIAL\t\t\t\t\t\t\t\t<\/div>\n\t\t\t\t<\/div>\n\t\t\t\t\t<\/div>\n\t\t<\/div>\n\t\t\t\t\t<\/div>\n\t\t<\/section>\n\t\t\t\t<section class=\"elementor-section elementor-top-section elementor-element elementor-element-2afab1b elementor-section-content-middle ot-traditional elementor-section-boxed elementor-section-height-default elementor-section-height-default\" data-id=\"2afab1b\" data-element_type=\"section\" data-settings=\"{&quot;background_background&quot;:&quot;classic&quot;}\">\n\t\t\t\t\t\t<div class=\"elementor-container elementor-column-gap-default\">\n\t\t\t\t\t<div class=\"elementor-column elementor-col-50 elementor-top-column elementor-element elementor-element-451eb29 ot-flex-column-vertical\" data-id=\"451eb29\" data-element_type=\"column\">\n\t\t\t<div class=\"elementor-widget-wrap elementor-element-populated\">\n\t\t\t\t\t\t<div class=\"elementor-element elementor-element-c8f48ea elementor-widget elementor-widget-image\" data-id=\"c8f48ea\" data-element_type=\"widget\" data-widget_type=\"image.default\">\n\t\t\t\t<div class=\"elementor-widget-container\">\n\t\t\t\t\t\t\t\t\t\t\t\t\t\t\t<img fetchpriority=\"high\" decoding=\"async\" width=\"800\" height=\"717\" src=\"https:\/\/allcancetec.com.br\/wp-content\/uploads\/2022\/03\/FLYERS.png\" class=\"attachment-large size-large wp-image-4816\" alt=\"\" srcset=\"https:\/\/allcancetec.com.br\/wp-content\/uploads\/2022\/03\/FLYERS.png 800w, https:\/\/allcancetec.com.br\/wp-content\/uploads\/2022\/03\/FLYERS-300x269.png 300w, https:\/\/allcancetec.com.br\/wp-content\/uploads\/2022\/03\/FLYERS-768x688.png 768w, https:\/\/allcancetec.com.br\/wp-content\/uploads\/2022\/03\/FLYERS-720x645.png 720w\" sizes=\"(max-width: 800px) 100vw, 800px\" \/>\t\t\t\t\t\t\t\t\t\t\t\t\t\t\t<\/div>\n\t\t\t\t<\/div>\n\t\t\t\t\t<\/div>\n\t\t<\/div>\n\t\t\t\t<div class=\"elementor-column elementor-col-50 elementor-top-column elementor-element elementor-element-0ffdebb ot-flex-column-vertical\" data-id=\"0ffdebb\" data-element_type=\"column\">\n\t\t\t<div class=\"elementor-widget-wrap elementor-element-populated\">\n\t\t\t\t\t\t<div class=\"elementor-element elementor-element-97baab8 elementor-widget elementor-widget-text-editor\" data-id=\"97baab8\" data-element_type=\"widget\" data-widget_type=\"text-editor.default\">\n\t\t\t\t<div class=\"elementor-widget-container\">\n\t\t\t\t\t\t\t\t\tDescription of the functions of each of our software: MES, ERP, and APS<br><br> \u2022 List of advantages of applying them in the industry<br><br>\u2022 Some companies that have already benefited from using our software\t\t\t\t\t\t\t\t<\/div>\n\t\t\t\t<\/div>\n\t\t\t\t\t<\/div>\n\t\t<\/div>\n\t\t\t\t\t<\/div>\n\t\t<\/section>\n\t\t\t\t<\/div>","protected":false},"excerpt":{"rendered":"<p>A solu\u00e7\u00e3o que a sua ind\u00fastriaprecisa Conhe\u00e7a os softwares da Allcance Proporcionamos solu\u00e7\u00f5es eficientes e inova\u00e7\u00f5es tecnol\u00f3gicas para mais de 300 clientes de diferentes setores do mercado. Somos especialistas no desenvolvimento de softwares para ind\u00fastrias e, atualmente, oferecemos o sistema MES Enterprise, ERP e APS para gest\u00e3o industrial. Para conhecer nossos softwares, basta preencher o [&hellip;]<\/p>","protected":false},"author":12,"featured_media":0,"parent":0,"menu_order":0,"comment_status":"closed","ping_status":"closed","template":"elementor_header_footer","meta":{"footnotes":""},"class_list":["post-4814","page","type-page","status-publish","hentry"],"yoast_head":"<!-- This site is optimized with the Yoast SEO plugin v27.2 - https:\/\/yoast.com\/product\/yoast-seo-wordpress\/ -->\n<title>Folheto Servi\u00e7os - Allcance Tecnologia<\/title>\n<meta name=\"robots\" content=\"index, follow, max-snippet:-1, max-image-preview:large, max-video-preview:-1\" \/>\n<link rel=\"canonical\" href=\"https:\/\/allcancetec.com.br\/en\/folheto-servicos\/\" \/>\n<meta property=\"og:locale\" content=\"en_US\" \/>\n<meta property=\"og:type\" content=\"article\" \/>\n<meta property=\"og:title\" content=\"Folheto Servi\u00e7os - Allcance Tecnologia\" \/>\n<meta property=\"og:description\" content=\"A solu\u00e7\u00e3o que a sua ind\u00fastriaprecisa Conhe\u00e7a os softwares da Allcance Proporcionamos solu\u00e7\u00f5es eficientes e inova\u00e7\u00f5es tecnol\u00f3gicas para mais de 300 clientes de diferentes setores do mercado. Somos especialistas no desenvolvimento de softwares para ind\u00fastrias e, atualmente, oferecemos o sistema MES Enterprise, ERP e APS para gest\u00e3o industrial. Para conhecer nossos softwares, basta preencher o [&hellip;]\" \/>\n<meta property=\"og:url\" content=\"https:\/\/allcancetec.com.br\/en\/folheto-servicos\/\" \/>\n<meta property=\"og:site_name\" content=\"Allcance Tecnologia\" \/>\n<meta property=\"article:modified_time\" content=\"2023-08-01T19:47:27+00:00\" \/>\n<meta property=\"og:image\" content=\"https:\/\/allcancetec.com.br\/wp-content\/uploads\/2022\/03\/FLYERS.png\" \/>\n<meta name=\"twitter:card\" content=\"summary_large_image\" \/>\n<meta name=\"twitter:label1\" content=\"Est. reading time\" \/>\n\t<meta name=\"twitter:data1\" content=\"1 minute\" \/>\n<script type=\"application\/ld+json\" class=\"yoast-schema-graph\">{\"@context\":\"https:\/\/schema.org\",\"@graph\":[{\"@type\":\"WebPage\",\"@id\":\"https:\/\/allcancetec.com.br\/folheto-servicos\/\",\"url\":\"https:\/\/allcancetec.com.br\/folheto-servicos\/\",\"name\":\"Folheto Servi\u00e7os - Allcance Tecnologia\",\"isPartOf\":{\"@id\":\"https:\/\/allcancetec.com.br\/#website\"},\"primaryImageOfPage\":{\"@id\":\"https:\/\/allcancetec.com.br\/folheto-servicos\/#primaryimage\"},\"image\":{\"@id\":\"https:\/\/allcancetec.com.br\/folheto-servicos\/#primaryimage\"},\"thumbnailUrl\":\"https:\/\/allcancetec.com.br\/wp-content\/uploads\/2022\/03\/FLYERS.png\",\"datePublished\":\"2022-03-29T17:52:36+00:00\",\"dateModified\":\"2023-08-01T19:47:27+00:00\",\"breadcrumb\":{\"@id\":\"https:\/\/allcancetec.com.br\/folheto-servicos\/#breadcrumb\"},\"inLanguage\":\"en-US\",\"potentialAction\":[{\"@type\":\"ReadAction\",\"target\":[\"https:\/\/allcancetec.com.br\/folheto-servicos\/\"]}]},{\"@type\":\"ImageObject\",\"inLanguage\":\"en-US\",\"@id\":\"https:\/\/allcancetec.com.br\/folheto-servicos\/#primaryimage\",\"url\":\"https:\/\/allcancetec.com.br\/wp-content\/uploads\/2022\/03\/FLYERS.png\",\"contentUrl\":\"https:\/\/allcancetec.com.br\/wp-content\/uploads\/2022\/03\/FLYERS.png\"},{\"@type\":\"BreadcrumbList\",\"@id\":\"https:\/\/allcancetec.com.br\/folheto-servicos\/#breadcrumb\",\"itemListElement\":[{\"@type\":\"ListItem\",\"position\":1,\"name\":\"In\u00edcio\",\"item\":\"https:\/\/allcancetec.com.br\/\"},{\"@type\":\"ListItem\",\"position\":2,\"name\":\"Folheto Servi\u00e7os\"}]},{\"@type\":\"WebSite\",\"@id\":\"https:\/\/allcancetec.com.br\/#website\",\"url\":\"https:\/\/allcancetec.com.br\/\",\"name\":\"Allcance Tecnologia\",\"description\":\"Software para industrial 4.0\",\"publisher\":{\"@id\":\"https:\/\/allcancetec.com.br\/#organization\"},\"potentialAction\":[{\"@type\":\"SearchAction\",\"target\":{\"@type\":\"EntryPoint\",\"urlTemplate\":\"https:\/\/allcancetec.com.br\/?s={search_term_string}\"},\"query-input\":{\"@type\":\"PropertyValueSpecification\",\"valueRequired\":true,\"valueName\":\"search_term_string\"}}],\"inLanguage\":\"en-US\"},{\"@type\":\"Organization\",\"@id\":\"https:\/\/allcancetec.com.br\/#organization\",\"name\":\"Allcance Tecnologia\",\"url\":\"https:\/\/allcancetec.com.br\/\",\"logo\":{\"@type\":\"ImageObject\",\"inLanguage\":\"en-US\",\"@id\":\"https:\/\/allcancetec.com.br\/#\/schema\/logo\/image\/\",\"url\":\"https:\/\/allcancetec.com.br\/wp-content\/uploads\/2021\/02\/Logo-Allcance-Horizontal.png\",\"contentUrl\":\"https:\/\/allcancetec.com.br\/wp-content\/uploads\/2021\/02\/Logo-Allcance-Horizontal.png\",\"width\":500,\"height\":200,\"caption\":\"Allcance Tecnologia\"},\"image\":{\"@id\":\"https:\/\/allcancetec.com.br\/#\/schema\/logo\/image\/\"}}]}<\/script>\n<!-- \/ Yoast SEO plugin. -->","yoast_head_json":{"title":"Folheto Servi\u00e7os - Allcance Tecnologia","robots":{"index":"index","follow":"follow","max-snippet":"max-snippet:-1","max-image-preview":"max-image-preview:large","max-video-preview":"max-video-preview:-1"},"canonical":"https:\/\/allcancetec.com.br\/en\/folheto-servicos\/","og_locale":"en_US","og_type":"article","og_title":"Folheto Servi\u00e7os - Allcance Tecnologia","og_description":"A solu\u00e7\u00e3o que a sua ind\u00fastriaprecisa Conhe\u00e7a os softwares da Allcance Proporcionamos solu\u00e7\u00f5es eficientes e inova\u00e7\u00f5es tecnol\u00f3gicas para mais de 300 clientes de diferentes setores do mercado. Somos especialistas no desenvolvimento de softwares para ind\u00fastrias e, atualmente, oferecemos o sistema MES Enterprise, ERP e APS para gest\u00e3o industrial. Para conhecer nossos softwares, basta preencher o [&hellip;]","og_url":"https:\/\/allcancetec.com.br\/en\/folheto-servicos\/","og_site_name":"Allcance Tecnologia","article_modified_time":"2023-08-01T19:47:27+00:00","og_image":[{"url":"https:\/\/allcancetec.com.br\/wp-content\/uploads\/2022\/03\/FLYERS.png","type":"","width":"","height":""}],"twitter_card":"summary_large_image","twitter_misc":{"Est. reading time":"1 minute"},"schema":{"@context":"https:\/\/schema.org","@graph":[{"@type":"WebPage","@id":"https:\/\/allcancetec.com.br\/folheto-servicos\/","url":"https:\/\/allcancetec.com.br\/folheto-servicos\/","name":"Folheto Servi\u00e7os - Allcance Tecnologia","isPartOf":{"@id":"https:\/\/allcancetec.com.br\/#website"},"primaryImageOfPage":{"@id":"https:\/\/allcancetec.com.br\/folheto-servicos\/#primaryimage"},"image":{"@id":"https:\/\/allcancetec.com.br\/folheto-servicos\/#primaryimage"},"thumbnailUrl":"https:\/\/allcancetec.com.br\/wp-content\/uploads\/2022\/03\/FLYERS.png","datePublished":"2022-03-29T17:52:36+00:00","dateModified":"2023-08-01T19:47:27+00:00","breadcrumb":{"@id":"https:\/\/allcancetec.com.br\/folheto-servicos\/#breadcrumb"},"inLanguage":"en-US","potentialAction":[{"@type":"ReadAction","target":["https:\/\/allcancetec.com.br\/folheto-servicos\/"]}]},{"@type":"ImageObject","inLanguage":"en-US","@id":"https:\/\/allcancetec.com.br\/folheto-servicos\/#primaryimage","url":"https:\/\/allcancetec.com.br\/wp-content\/uploads\/2022\/03\/FLYERS.png","contentUrl":"https:\/\/allcancetec.com.br\/wp-content\/uploads\/2022\/03\/FLYERS.png"},{"@type":"BreadcrumbList","@id":"https:\/\/allcancetec.com.br\/folheto-servicos\/#breadcrumb","itemListElement":[{"@type":"ListItem","position":1,"name":"In\u00edcio","item":"https:\/\/allcancetec.com.br\/"},{"@type":"ListItem","position":2,"name":"Folheto Servi\u00e7os"}]},{"@type":"WebSite","@id":"https:\/\/allcancetec.com.br\/#website","url":"https:\/\/allcancetec.com.br\/","name":"Allcance Tecnologia","description":"Software para industrial 4.0","publisher":{"@id":"https:\/\/allcancetec.com.br\/#organization"},"potentialAction":[{"@type":"SearchAction","target":{"@type":"EntryPoint","urlTemplate":"https:\/\/allcancetec.com.br\/?s={search_term_string}"},"query-input":{"@type":"PropertyValueSpecification","valueRequired":true,"valueName":"search_term_string"}}],"inLanguage":"en-US"},{"@type":"Organization","@id":"https:\/\/allcancetec.com.br\/#organization","name":"Allcance Tecnologia","url":"https:\/\/allcancetec.com.br\/","logo":{"@type":"ImageObject","inLanguage":"en-US","@id":"https:\/\/allcancetec.com.br\/#\/schema\/logo\/image\/","url":"https:\/\/allcancetec.com.br\/wp-content\/uploads\/2021\/02\/Logo-Allcance-Horizontal.png","contentUrl":"https:\/\/allcancetec.com.br\/wp-content\/uploads\/2021\/02\/Logo-Allcance-Horizontal.png","width":500,"height":200,"caption":"Allcance Tecnologia"},"image":{"@id":"https:\/\/allcancetec.com.br\/#\/schema\/logo\/image\/"}}]}},"_links":{"self":[{"href":"https:\/\/allcancetec.com.br\/en\/wp-json\/wp\/v2\/pages\/4814","targetHints":{"allow":["GET"]}}],"collection":[{"href":"https:\/\/allcancetec.com.br\/en\/wp-json\/wp\/v2\/pages"}],"about":[{"href":"https:\/\/allcancetec.com.br\/en\/wp-json\/wp\/v2\/types\/page"}],"author":[{"embeddable":true,"href":"https:\/\/allcancetec.com.br\/en\/wp-json\/wp\/v2\/users\/12"}],"replies":[{"embeddable":true,"href":"https:\/\/allcancetec.com.br\/en\/wp-json\/wp\/v2\/comments?post=4814"}],"version-history":[{"count":23,"href":"https:\/\/allcancetec.com.br\/en\/wp-json\/wp\/v2\/pages\/4814\/revisions"}],"predecessor-version":[{"id":5471,"href":"https:\/\/allcancetec.com.br\/en\/wp-json\/wp\/v2\/pages\/4814\/revisions\/5471"}],"wp:attachment":[{"href":"https:\/\/allcancetec.com.br\/en\/wp-json\/wp\/v2\/media?parent=4814"}],"curies":[{"name":"wp","href":"https:\/\/api.w.org\/{rel}","templated":true}]}}