{"id":1866,"date":"2020-02-04T10:17:39","date_gmt":"2020-02-04T07:17:39","guid":{"rendered":"http:\/\/wpdemo.archiwp.com\/engitech\/?page_id=1866"},"modified":"2021-03-30T07:16:35","modified_gmt":"2021-03-30T04:16:35","slug":"cases-clientes","status":"publish","type":"page","link":"https:\/\/allcancetec.com.br\/en\/cases-clientes\/","title":{"rendered":"Success stories"},"content":{"rendered":"<div data-elementor-type=\"wp-page\" data-elementor-id=\"1866\" class=\"elementor elementor-1866\" data-elementor-post-type=\"page\">\n\t\t\t\t\t\t<section class=\"elementor-section elementor-top-section elementor-element elementor-element-dd247bf ot-traditional elementor-section-boxed elementor-section-height-default elementor-section-height-default\" data-id=\"dd247bf\" data-element_type=\"section\">\n\t\t\t\t\t\t<div class=\"elementor-container elementor-column-gap-default\">\n\t\t\t\t\t<div class=\"elementor-column elementor-col-100 elementor-top-column elementor-element elementor-element-1f4e0cb ot-flex-column-vertical\" data-id=\"1f4e0cb\" data-element_type=\"column\">\n\t\t\t<div class=\"elementor-widget-wrap elementor-element-populated\">\n\t\t\t\t\t\t<div class=\"elementor-element elementor-element-cd09ac1 elementor-widget elementor-widget-iheading\" data-id=\"cd09ac1\" data-element_type=\"widget\" data-widget_type=\"iheading.default\">\n\t\t\t\t<div class=\"elementor-widget-container\">\n\t\t\t\t\t\t\t<div class=\"ot-heading\">\r\n\t        \t            <span>\/\/ Success stories<\/span>\r\n\t        <h2 class=\"main-heading\">Proven results<\/h2>\t    <\/div>\r\n\t    \t\t\t\t<\/div>\n\t\t\t\t<\/div>\n\t\t\t\t<div class=\"elementor-element elementor-element-27b73fe elementor-widget elementor-widget-text-editor\" data-id=\"27b73fe\" data-element_type=\"widget\" data-widget_type=\"text-editor.default\">\n\t\t\t\t<div class=\"elementor-widget-container\">\n\t\t\t\t\t\t\t\t\t<p>Industries already experiencing proven results, benefiting from increased productivity, reduced rework and losses, and achieving more results and profits with Industry 4.0 technology.<\/p>\t\t\t\t\t\t\t\t<\/div>\n\t\t\t\t<\/div>\n\t\t\t\t<div class=\"elementor-element elementor-element-52770ed elementor-invisible elementor-widget elementor-widget-ipfilter\" data-id=\"52770ed\" data-element_type=\"widget\" data-settings=\"{&quot;_animation&quot;:&quot;fadeInDown&quot;}\" data-widget_type=\"ipfilter.default\">\n\t\t\t\t<div class=\"elementor-widget-container\">\n\t\t\t\t\t\r\n\t\t<div class=\"project-filter-wrapper\">\r\n\t                \t\t<ul class=\"project_filters\">\r\n        \t\t\t        \t\t\t \t<li><a href=\"#\" data-filter=\"*\" class=\"selected\">All<\/a><\/li>\r\n        \t\t\t\t                \t                    <li><a href='#' data-filter='.category-15'>APS<\/a><\/li>\t                    \r\n\t                \t                    <li><a href='#' data-filter='.category-14'>MES<\/a><\/li>\t                    \r\n\t                \t\t\t\t<\/ul>\r\n\t        \r\n\t        <div class=\"projects-grid projects-style-1 pf_2_cols\">\r\n\t        \t\r\n\t            \r\n\t            \t<div class=\"project-item category-15\">\r\n\t\t\t\t\t\t<div class=\"projects-box\">\r\n\t\t\t\t\t\t\t<div class=\"projects-thumbnail\">\r\n\t\t\t\t\t\t\t\t<a href=\"https:\/\/allcancetec.com.br\/en\/portfolio\/ezata\/\">\r\n\t\t\t\t\t\t\t\t\t<img fetchpriority=\"high\" decoding=\"async\" width=\"720\" height=\"545\" src=\"https:\/\/allcancetec.com.br\/wp-content\/uploads\/2021\/03\/Imagem-Ezata-01-e1617078742462-720x545.jpg\" class=\"attachment-engitech-portfolio-thumbnail-grid size-engitech-portfolio-thumbnail-grid wp-post-image\" alt=\"\" \/>\t\t\t\t\t\t\t\t<\/a>\r\n\t\t\t\t\t\t\t<\/div>\r\n\t\t\t\t\t\t\t<div class=\"portfolio-info\">\r\n\t\t\t\t\t\t\t\t<a class=\"overlay\" href=\"https:\/\/allcancetec.com.br\/en\/portfolio\/ezata\/\"><\/a>\t\t\t\t\t\t\t\t<div class=\"portfolio-info-inner\">\r\n\t\t\t\t\t\t\t\t\t<h5><a href=\"https:\/\/allcancetec.com.br\/en\/portfolio\/ezata\/\">Ezata<\/a><\/h5>\r\n\t\t\t\t\t\t\t\t\t<p class=\"portfolio-cates\"><a href=\"https:\/\/allcancetec.com.br\/en\/portfolio-category\/aps\/\">APS<\/a><span>\/<\/span><\/p> \r\n\t\t\t\t\t\t\t\t<\/div>\r\n\t\t\t\t\t\t\t<\/div>\r\n\t\t\t\t\t\t<\/div>\r\n\t\t\t\t\t<\/div>\r\n\r\n\t            \r\n\t            \t<div class=\"project-item category-14\">\r\n\t\t\t\t\t\t<div class=\"projects-box\">\r\n\t\t\t\t\t\t\t<div class=\"projects-thumbnail\">\r\n\t\t\t\t\t\t\t\t<a href=\"https:\/\/allcancetec.com.br\/en\/portfolio\/tecnotri\/\">\r\n\t\t\t\t\t\t\t\t\t<img decoding=\"async\" width=\"720\" height=\"585\" src=\"https:\/\/allcancetec.com.br\/wp-content\/uploads\/2021\/03\/TRI_20_074-Home-Site-Tecnotri-2021-v5_03-e1617078004257-720x585.jpg\" class=\"attachment-engitech-portfolio-thumbnail-grid size-engitech-portfolio-thumbnail-grid wp-post-image\" alt=\"\" \/>\t\t\t\t\t\t\t\t<\/a>\r\n\t\t\t\t\t\t\t<\/div>\r\n\t\t\t\t\t\t\t<div class=\"portfolio-info\">\r\n\t\t\t\t\t\t\t\t<a class=\"overlay\" href=\"https:\/\/allcancetec.com.br\/en\/portfolio\/tecnotri\/\"><\/a>\t\t\t\t\t\t\t\t<div class=\"portfolio-info-inner\">\r\n\t\t\t\t\t\t\t\t\t<h5><a href=\"https:\/\/allcancetec.com.br\/en\/portfolio\/tecnotri\/\">Tecnotri<\/a><\/h5>\r\n\t\t\t\t\t\t\t\t\t<p class=\"portfolio-cates\"><a href=\"https:\/\/allcancetec.com.br\/en\/portfolio-category\/mes\/\">MES<\/a><span>\/<\/span><\/p> \r\n\t\t\t\t\t\t\t\t<\/div>\r\n\t\t\t\t\t\t\t<\/div>\r\n\t\t\t\t\t\t<\/div>\r\n\t\t\t\t\t<\/div>\r\n\r\n\t            \t        <\/div>\r\n\t    <\/div>\r\n\r\n\t    \t\t\t\t<\/div>\n\t\t\t\t<\/div>\n\t\t\t\t\t<\/div>\n\t\t<\/div>\n\t\t\t\t\t<\/div>\n\t\t<\/section>\n\t\t\t\t<\/div>","protected":false},"excerpt":{"rendered":"<p>\/\/ cases de sucesso Resultados comprovados Ind\u00fastrias que j\u00e1 est\u00e3o obtendo resultados comprovados, se beneficiando de aumento de produtividade, menos retrabalho, perdas, mais resultados e lucros com a tecnologia 4.0. Todos APS ERP MES Tecnotri &#8211; MES MES\/ Mobile Coin View App APS\/ Analysis of Security ERP\/ eCommerce Website ERP\/MES\/ Responsive Design APS\/ERP\/ App for [&hellip;]<\/p>","protected":false},"author":12,"featured_media":0,"parent":0,"menu_order":0,"comment_status":"closed","ping_status":"closed","template":"","meta":{"footnotes":""},"class_list":["post-1866","page","type-page","status-publish","hentry"],"yoast_head":"<!-- This site is optimized with the Yoast SEO plugin v27.2 - https:\/\/yoast.com\/product\/yoast-seo-wordpress\/ -->\n<title>Cases de Sucesso - Allcance Tecnologia<\/title>\n<meta name=\"robots\" content=\"index, follow, max-snippet:-1, max-image-preview:large, max-video-preview:-1\" \/>\n<link rel=\"canonical\" href=\"https:\/\/allcancetec.com.br\/en\/cases-clientes\/\" \/>\n<meta property=\"og:locale\" content=\"en_US\" \/>\n<meta property=\"og:type\" content=\"article\" \/>\n<meta property=\"og:title\" content=\"Cases de Sucesso - Allcance Tecnologia\" \/>\n<meta property=\"og:description\" content=\"\/\/ cases de sucesso Resultados comprovados Ind\u00fastrias que j\u00e1 est\u00e3o obtendo resultados comprovados, se beneficiando de aumento de produtividade, menos retrabalho, perdas, mais resultados e lucros com a tecnologia 4.0. Todos APS ERP MES Tecnotri &#8211; MES MES\/ Mobile Coin View App APS\/ Analysis of Security ERP\/ eCommerce Website ERP\/MES\/ Responsive Design APS\/ERP\/ App for [&hellip;]\" \/>\n<meta property=\"og:url\" content=\"https:\/\/allcancetec.com.br\/en\/cases-clientes\/\" \/>\n<meta property=\"og:site_name\" content=\"Allcance Tecnologia\" \/>\n<meta property=\"article:modified_time\" content=\"2021-03-30T04:16:35+00:00\" \/>\n<meta property=\"og:image\" content=\"https:\/\/allcancetec.com.br\/wp-content\/uploads\/2020\/11\/Imagem-Tecnotri-01-720x330.jpeg\" \/>\n<meta name=\"twitter:card\" content=\"summary_large_image\" \/>\n<script type=\"application\/ld+json\" class=\"yoast-schema-graph\">{\"@context\":\"https:\/\/schema.org\",\"@graph\":[{\"@type\":\"WebPage\",\"@id\":\"https:\/\/allcancetec.com.br\/cases-clientes\/\",\"url\":\"https:\/\/allcancetec.com.br\/cases-clientes\/\",\"name\":\"Cases de Sucesso - Allcance Tecnologia\",\"isPartOf\":{\"@id\":\"https:\/\/allcancetec.com.br\/#website\"},\"primaryImageOfPage\":{\"@id\":\"https:\/\/allcancetec.com.br\/cases-clientes\/#primaryimage\"},\"image\":{\"@id\":\"https:\/\/allcancetec.com.br\/cases-clientes\/#primaryimage\"},\"thumbnailUrl\":\"https:\/\/allcancetec.com.br\/wp-content\/uploads\/2020\/11\/Imagem-Tecnotri-01-720x330.jpeg\",\"datePublished\":\"2020-02-04T07:17:39+00:00\",\"dateModified\":\"2021-03-30T04:16:35+00:00\",\"breadcrumb\":{\"@id\":\"https:\/\/allcancetec.com.br\/cases-clientes\/#breadcrumb\"},\"inLanguage\":\"en-US\",\"potentialAction\":[{\"@type\":\"ReadAction\",\"target\":[\"https:\/\/allcancetec.com.br\/cases-clientes\/\"]}]},{\"@type\":\"ImageObject\",\"inLanguage\":\"en-US\",\"@id\":\"https:\/\/allcancetec.com.br\/cases-clientes\/#primaryimage\",\"url\":\"https:\/\/allcancetec.com.br\/wp-content\/uploads\/2020\/11\/Imagem-Tecnotri-01-720x330.jpeg\",\"contentUrl\":\"https:\/\/allcancetec.com.br\/wp-content\/uploads\/2020\/11\/Imagem-Tecnotri-01-720x330.jpeg\"},{\"@type\":\"BreadcrumbList\",\"@id\":\"https:\/\/allcancetec.com.br\/cases-clientes\/#breadcrumb\",\"itemListElement\":[{\"@type\":\"ListItem\",\"position\":1,\"name\":\"In\u00edcio\",\"item\":\"https:\/\/allcancetec.com.br\/\"},{\"@type\":\"ListItem\",\"position\":2,\"name\":\"Cases de Sucesso\"}]},{\"@type\":\"WebSite\",\"@id\":\"https:\/\/allcancetec.com.br\/#website\",\"url\":\"https:\/\/allcancetec.com.br\/\",\"name\":\"Allcance Tecnologia\",\"description\":\"Software para industrial 4.0\",\"publisher\":{\"@id\":\"https:\/\/allcancetec.com.br\/#organization\"},\"potentialAction\":[{\"@type\":\"SearchAction\",\"target\":{\"@type\":\"EntryPoint\",\"urlTemplate\":\"https:\/\/allcancetec.com.br\/?s={search_term_string}\"},\"query-input\":{\"@type\":\"PropertyValueSpecification\",\"valueRequired\":true,\"valueName\":\"search_term_string\"}}],\"inLanguage\":\"en-US\"},{\"@type\":\"Organization\",\"@id\":\"https:\/\/allcancetec.com.br\/#organization\",\"name\":\"Allcance Tecnologia\",\"url\":\"https:\/\/allcancetec.com.br\/\",\"logo\":{\"@type\":\"ImageObject\",\"inLanguage\":\"en-US\",\"@id\":\"https:\/\/allcancetec.com.br\/#\/schema\/logo\/image\/\",\"url\":\"https:\/\/allcancetec.com.br\/wp-content\/uploads\/2021\/02\/Logo-Allcance-Horizontal.png\",\"contentUrl\":\"https:\/\/allcancetec.com.br\/wp-content\/uploads\/2021\/02\/Logo-Allcance-Horizontal.png\",\"width\":500,\"height\":200,\"caption\":\"Allcance Tecnologia\"},\"image\":{\"@id\":\"https:\/\/allcancetec.com.br\/#\/schema\/logo\/image\/\"}}]}<\/script>\n<!-- \/ Yoast SEO plugin. -->","yoast_head_json":{"title":"Cases de Sucesso - Allcance Tecnologia","robots":{"index":"index","follow":"follow","max-snippet":"max-snippet:-1","max-image-preview":"max-image-preview:large","max-video-preview":"max-video-preview:-1"},"canonical":"https:\/\/allcancetec.com.br\/en\/cases-clientes\/","og_locale":"en_US","og_type":"article","og_title":"Cases de Sucesso - Allcance Tecnologia","og_description":"\/\/ cases de sucesso Resultados comprovados Ind\u00fastrias que j\u00e1 est\u00e3o obtendo resultados comprovados, se beneficiando de aumento de produtividade, menos retrabalho, perdas, mais resultados e lucros com a tecnologia 4.0. Todos APS ERP MES Tecnotri &#8211; MES MES\/ Mobile Coin View App APS\/ Analysis of Security ERP\/ eCommerce Website ERP\/MES\/ Responsive Design APS\/ERP\/ App for [&hellip;]","og_url":"https:\/\/allcancetec.com.br\/en\/cases-clientes\/","og_site_name":"Allcance Tecnologia","article_modified_time":"2021-03-30T04:16:35+00:00","og_image":[{"url":"https:\/\/allcancetec.com.br\/wp-content\/uploads\/2020\/11\/Imagem-Tecnotri-01-720x330.jpeg","type":"","width":"","height":""}],"twitter_card":"summary_large_image","schema":{"@context":"https:\/\/schema.org","@graph":[{"@type":"WebPage","@id":"https:\/\/allcancetec.com.br\/cases-clientes\/","url":"https:\/\/allcancetec.com.br\/cases-clientes\/","name":"Cases de Sucesso - Allcance Tecnologia","isPartOf":{"@id":"https:\/\/allcancetec.com.br\/#website"},"primaryImageOfPage":{"@id":"https:\/\/allcancetec.com.br\/cases-clientes\/#primaryimage"},"image":{"@id":"https:\/\/allcancetec.com.br\/cases-clientes\/#primaryimage"},"thumbnailUrl":"https:\/\/allcancetec.com.br\/wp-content\/uploads\/2020\/11\/Imagem-Tecnotri-01-720x330.jpeg","datePublished":"2020-02-04T07:17:39+00:00","dateModified":"2021-03-30T04:16:35+00:00","breadcrumb":{"@id":"https:\/\/allcancetec.com.br\/cases-clientes\/#breadcrumb"},"inLanguage":"en-US","potentialAction":[{"@type":"ReadAction","target":["https:\/\/allcancetec.com.br\/cases-clientes\/"]}]},{"@type":"ImageObject","inLanguage":"en-US","@id":"https:\/\/allcancetec.com.br\/cases-clientes\/#primaryimage","url":"https:\/\/allcancetec.com.br\/wp-content\/uploads\/2020\/11\/Imagem-Tecnotri-01-720x330.jpeg","contentUrl":"https:\/\/allcancetec.com.br\/wp-content\/uploads\/2020\/11\/Imagem-Tecnotri-01-720x330.jpeg"},{"@type":"BreadcrumbList","@id":"https:\/\/allcancetec.com.br\/cases-clientes\/#breadcrumb","itemListElement":[{"@type":"ListItem","position":1,"name":"In\u00edcio","item":"https:\/\/allcancetec.com.br\/"},{"@type":"ListItem","position":2,"name":"Cases de Sucesso"}]},{"@type":"WebSite","@id":"https:\/\/allcancetec.com.br\/#website","url":"https:\/\/allcancetec.com.br\/","name":"Allcance Tecnologia","description":"Software para industrial 4.0","publisher":{"@id":"https:\/\/allcancetec.com.br\/#organization"},"potentialAction":[{"@type":"SearchAction","target":{"@type":"EntryPoint","urlTemplate":"https:\/\/allcancetec.com.br\/?s={search_term_string}"},"query-input":{"@type":"PropertyValueSpecification","valueRequired":true,"valueName":"search_term_string"}}],"inLanguage":"en-US"},{"@type":"Organization","@id":"https:\/\/allcancetec.com.br\/#organization","name":"Allcance Tecnologia","url":"https:\/\/allcancetec.com.br\/","logo":{"@type":"ImageObject","inLanguage":"en-US","@id":"https:\/\/allcancetec.com.br\/#\/schema\/logo\/image\/","url":"https:\/\/allcancetec.com.br\/wp-content\/uploads\/2021\/02\/Logo-Allcance-Horizontal.png","contentUrl":"https:\/\/allcancetec.com.br\/wp-content\/uploads\/2021\/02\/Logo-Allcance-Horizontal.png","width":500,"height":200,"caption":"Allcance Tecnologia"},"image":{"@id":"https:\/\/allcancetec.com.br\/#\/schema\/logo\/image\/"}}]}},"_links":{"self":[{"href":"https:\/\/allcancetec.com.br\/en\/wp-json\/wp\/v2\/pages\/1866","targetHints":{"allow":["GET"]}}],"collection":[{"href":"https:\/\/allcancetec.com.br\/en\/wp-json\/wp\/v2\/pages"}],"about":[{"href":"https:\/\/allcancetec.com.br\/en\/wp-json\/wp\/v2\/types\/page"}],"author":[{"embeddable":true,"href":"https:\/\/allcancetec.com.br\/en\/wp-json\/wp\/v2\/users\/12"}],"replies":[{"embeddable":true,"href":"https:\/\/allcancetec.com.br\/en\/wp-json\/wp\/v2\/comments?post=1866"}],"version-history":[{"count":9,"href":"https:\/\/allcancetec.com.br\/en\/wp-json\/wp\/v2\/pages\/1866\/revisions"}],"predecessor-version":[{"id":5021,"href":"https:\/\/allcancetec.com.br\/en\/wp-json\/wp\/v2\/pages\/1866\/revisions\/5021"}],"wp:attachment":[{"href":"https:\/\/allcancetec.com.br\/en\/wp-json\/wp\/v2\/media?parent=1866"}],"curies":[{"name":"wp","href":"https:\/\/api.w.org\/{rel}","templated":true}]}}