{"id":1370,"date":"2020-01-02T09:28:08","date_gmt":"2020-01-02T06:28:08","guid":{"rendered":"http:\/\/wpdemo.archiwp.com\/engitech\/?page_id=1370"},"modified":"2025-05-27T09:23:02","modified_gmt":"2025-05-27T12:23:02","slug":"contato","status":"publish","type":"page","link":"https:\/\/allcancetec.com.br\/en\/contato\/","title":{"rendered":"Get in touch"},"content":{"rendered":"<div data-elementor-type=\"wp-page\" data-elementor-id=\"1370\" class=\"elementor elementor-1370\" data-elementor-post-type=\"page\">\n\t\t\t\t\t\t<section class=\"elementor-section elementor-top-section elementor-element elementor-element-8c1b6b2 elementor-section-content-middle ot-traditional elementor-section-boxed elementor-section-height-default elementor-section-height-default\" data-id=\"8c1b6b2\" data-element_type=\"section\">\n\t\t\t\t\t\t<div class=\"elementor-container elementor-column-gap-extended\">\n\t\t\t\t\t<div class=\"elementor-column elementor-col-50 elementor-top-column elementor-element elementor-element-8416bc3 ot-column-items-top ot-flex-column-vertical\" data-id=\"8416bc3\" data-element_type=\"column\">\n\t\t\t<div class=\"elementor-widget-wrap elementor-element-populated\">\n\t\t\t\t\t\t<div class=\"elementor-element elementor-element-d735292 elementor-widget elementor-widget-iheading\" data-id=\"d735292\" data-element_type=\"widget\" data-widget_type=\"iheading.default\">\n\t\t\t\t<div class=\"elementor-widget-container\">\n\t\t\t\t\t\t\t<div class=\"ot-heading\">\r\n\t        \t            <span>\/\/ Transform your company<\/span>\r\n\t        <h2 class=\"main-heading\">Contact us<\/h2>\t    <\/div>\r\n\t    \t\t\t\t<\/div>\n\t\t\t\t<\/div>\n\t\t\t\t<div class=\"elementor-element elementor-element-d1b9e95 elementor-widget elementor-widget-text-editor\" data-id=\"d1b9e95\" data-element_type=\"widget\" data-widget_type=\"text-editor.default\">\n\t\t\t\t<div class=\"elementor-widget-container\">\n\t\t\t\t\t\t\t\t\t<p>Let's transform your company for the future of Industry 4.0. Get in touch, schedule a visit from our transformation specialists, and let's increase your profits.<\/p>\t\t\t\t\t\t\t\t<\/div>\n\t\t\t\t<\/div>\n\t\t\t\t<div class=\"elementor-element elementor-element-b59a336 elementor-widget elementor-widget-icontact_info\" data-id=\"b59a336\" data-element_type=\"widget\" data-widget_type=\"icontact_info.default\">\n\t\t\t\t<div class=\"elementor-widget-container\">\n\t\t\t\t\t\t\t\t\t\t    \t<div class=\"contact-info box-style1\">\r\n\t\t\t\t\t\t\t\t    \t\t        <i class=\"flaticon-world-globe\"><\/i>\t\t\t        <div class=\"info-text\">\r\n\t\t\t        \t<h6>Our Office:<\/h6>\r\n\t\t\t        \t<p>Rua Aur\u00e9lio Giusepe Dilda, 538<br>\nLot. Jos\u00e9 P Bernardi\nMarau\/RS<\/p>\r\n\t\t\t        <\/div>\r\n\t\t\t    <\/div>\r\n\t\t    \t    \t\t\t\t<\/div>\n\t\t\t\t<\/div>\n\t\t\t\t<div class=\"elementor-element elementor-element-4c90f57 elementor-widget elementor-widget-icontact_info\" data-id=\"4c90f57\" data-element_type=\"widget\" data-widget_type=\"icontact_info.default\">\n\t\t\t\t<div class=\"elementor-widget-container\">\n\t\t\t\t\t\t\t\t\t\t    \t<div class=\"contact-info box-style1\">\r\n\t\t\t\t\t\t\t\t    \t\t        <i class=\"flaticon-envelope\"><\/i>\t\t\t        <div class=\"info-text\">\r\n\t\t\t        \t<h6>Our Email:<\/h6>\r\n\t\t\t        \t<p>contato@allcancetec.com.br<\/p>\r\n\t\t\t        <\/div>\r\n\t\t\t    <\/div>\r\n\t\t    \t    \t\t\t\t<\/div>\n\t\t\t\t<\/div>\n\t\t\t\t<div class=\"elementor-element elementor-element-a59e635 elementor-widget elementor-widget-icontact_info\" data-id=\"a59e635\" data-element_type=\"widget\" data-widget_type=\"icontact_info.default\">\n\t\t\t\t<div class=\"elementor-widget-container\">\n\t\t\t\t\t\t\t\t\t\t    \t<div class=\"contact-info box-style1\">\r\n\t\t\t\t\t\t\t\t    \t\t        <i class=\"flaticon-phone-1\"><\/i>\t\t\t        <div class=\"info-text\">\r\n\t\t\t        \t<h6>Our Phones:<\/h6>\r\n\t\t\t        \t<p>Customer Service: (54) 3342-4588\nSales: (54) 99179-8775\nSupport: (54) 99180-0631<\/p>\r\n\t\t\t        <\/div>\r\n\t\t\t    <\/div>\r\n\t\t    \t    \t\t\t\t<\/div>\n\t\t\t\t<\/div>\n\t\t\t\t\t<\/div>\n\t\t<\/div>\n\t\t\t\t<div class=\"elementor-column elementor-col-50 elementor-top-column elementor-element elementor-element-add1e18 ot-flex-column-vertical\" data-id=\"add1e18\" data-element_type=\"column\">\n\t\t\t<div class=\"elementor-widget-wrap elementor-element-populated\">\n\t\t\t\t\t\t<div class=\"elementor-element elementor-element-45d040f elementor-widget elementor-widget-heading\" data-id=\"45d040f\" data-element_type=\"widget\" data-widget_type=\"heading.default\">\n\t\t\t\t<div class=\"elementor-widget-container\">\n\t\t\t\t\t<h2 class=\"elementor-heading-title elementor-size-default\">Ready to take your industry to 4.0?<\/h2>\t\t\t\t<\/div>\n\t\t\t\t<\/div>\n\t\t\t\t<div class=\"elementor-element elementor-element-4b5f4cb elementor-widget elementor-widget-text-editor\" data-id=\"4b5f4cb\" data-element_type=\"widget\" data-widget_type=\"text-editor.default\">\n\t\t\t\t<div class=\"elementor-widget-container\">\n\t\t\t\t\t\t\t\t\t<p>Fill out the form below for us to contact you today.<\/p>\t\t\t\t\t\t\t\t<\/div>\n\t\t\t\t<\/div>\n\t\t\t\t<div class=\"elementor-element elementor-element-7f3a65f elementor-widget elementor-widget-htcontactform-addons\" data-id=\"7f3a65f\" data-element_type=\"widget\" data-widget_type=\"htcontactform-addons.default\">\n\t\t\t\t<div class=\"elementor-widget-container\">\n\t\t\t\t\t            <div class=\"htcontact-form-wrapper\" >\n                \n<div class=\"wpcf7 no-js\" id=\"wpcf7-f4767-o1\" lang=\"pt-BR\" dir=\"ltr\" data-wpcf7-id=\"4767\">\n<div class=\"screen-reader-response\"><p role=\"status\" aria-live=\"polite\" aria-atomic=\"true\"><\/p> <ul><\/ul><\/div>\n<form action=\"\/en\/wp-json\/wp\/v2\/pages\/1370#wpcf7-f4767-o1\" method=\"post\" class=\"wpcf7-form init\" aria-label=\"Formul\u00e1rios de contato\" novalidate=\"novalidate\" data-status=\"init\" data-trp-original-action=\"\/en\/wp-json\/wp\/v2\/pages\/1370#wpcf7-f4767-o1\">\n<div style=\"display: none;\">\n<input type=\"hidden\" name=\"_wpcf7\" value=\"4767\" \/>\n<input type=\"hidden\" name=\"_wpcf7_version\" value=\"6.0.6\" \/>\n<input type=\"hidden\" name=\"_wpcf7_locale\" value=\"pt_BR\" \/>\n<input type=\"hidden\" name=\"_wpcf7_unit_tag\" value=\"wpcf7-f4767-o1\" \/>\n<input type=\"hidden\" name=\"_wpcf7_container_post\" value=\"0\" \/>\n<input type=\"hidden\" name=\"_wpcf7_posted_data_hash\" value=\"\" \/>\n<input type=\"hidden\" name=\"_wpcf7_recaptcha_response\" value=\"\" \/>\n<\/div>\n<p><label> Name<br \/>\n<span class=\"wpcf7-form-control-wrap\" data-name=\"nome\"><input size=\"40\" maxlength=\"400\" class=\"wpcf7-form-control wpcf7-text wpcf7-validates-as-required\" aria-required=\"true\" aria-invalid=\"false\" value=\"\" type=\"text\" name=\"nome\" \/><\/span> <\/label>\n<\/p>\n<p><label> Corporate Email<br \/>\n<span class=\"wpcf7-form-control-wrap\" data-name=\"email\"><input size=\"40\" maxlength=\"400\" class=\"wpcf7-form-control wpcf7-email wpcf7-validates-as-required wpcf7-text wpcf7-validates-as-email\" aria-required=\"true\" aria-invalid=\"false\" value=\"\" type=\"email\" name=\"email\" \/><\/span> <\/label>\n<\/p>\n<p><label> Phone<br \/>\n<span class=\"wpcf7-form-control-wrap\" data-name=\"telefone\"><input size=\"40\" maxlength=\"400\" class=\"wpcf7-form-control wpcf7-text wpcf7-validates-as-required\" aria-required=\"true\" aria-invalid=\"false\" value=\"\" type=\"text\" name=\"telefone\" \/><\/span> <\/label>\n<\/p>\n<p><label> Company<br \/>\n<span class=\"wpcf7-form-control-wrap\" data-name=\"empresa\"><input size=\"40\" maxlength=\"400\" class=\"wpcf7-form-control wpcf7-text wpcf7-validates-as-required\" aria-required=\"true\" aria-invalid=\"false\" value=\"\" type=\"text\" name=\"empresa\" \/><\/span> <\/label>\n<\/p>\n<p><label> Position*<br \/>\n<span class=\"wpcf7-form-control-wrap\" data-name=\"cargo\"><input size=\"40\" maxlength=\"400\" class=\"wpcf7-form-control wpcf7-text wpcf7-validates-as-required\" aria-required=\"true\" aria-invalid=\"false\" value=\"\" type=\"text\" name=\"cargo\" \/><\/span> <\/label>\n<\/p>\n<p><label> Segment*<br \/>\n<span class=\"wpcf7-form-control-wrap\" data-name=\"segmento\"><input size=\"40\" maxlength=\"400\" class=\"wpcf7-form-control wpcf7-text wpcf7-validates-as-required\" aria-required=\"true\" aria-invalid=\"false\" value=\"\" type=\"text\" name=\"segmento\" \/><\/span> <\/label>\n<\/p>\n<p><label> Number of Employees*<br \/>\n<span class=\"wpcf7-form-control-wrap\" data-name=\"colaboradores\"><select class=\"wpcf7-form-control wpcf7-select wpcf7-validates-as-required\" aria-required=\"true\" aria-invalid=\"false\" name=\"colaboradores\"><option value=\"\">&#8212;Escolha uma op\u00e7\u00e3o&#8212;<\/option><option value=\"1 a 10 colaboradores\">1 to 10 employees<\/option><option value=\"11 a 50 colaboradores\">11 to 50 employees<\/option><option value=\"51 a 100 colaboradores\">51 to 100 employees<\/option><option value=\"Mais de 100 colaboradores\">More than 100 employees<\/option><\/select><\/span> <\/label>\n<\/p>\n<p><label> Message<br \/>\n<span class=\"wpcf7-form-control-wrap\" data-name=\"Mensagem\"><input size=\"40\" maxlength=\"400\" class=\"wpcf7-form-control wpcf7-text wpcf7-validates-as-required\" aria-required=\"true\" aria-invalid=\"false\" value=\"\" type=\"text\" name=\"Mensagem\" \/><\/span> <\/label>\n<\/p>\n<input class=\"wpcf7-form-control wpcf7-hidden\" value=\"Form-Fale-Conosco\" type=\"hidden\" name=\"form-name\" \/>\n<p><input class=\"wpcf7-form-control wpcf7-submit has-spinner\" type=\"submit\" value=\"Send\" \/>\n<\/p><div class=\"wpcf7-response-output\" aria-hidden=\"true\"><\/div>\n<input type=\"hidden\" name=\"trp-form-language\" value=\"en\"\/><\/form>\n<\/div>\n            <\/div>\n\n        \t\t\t\t<\/div>\n\t\t\t\t<\/div>\n\t\t\t\t\t<\/div>\n\t\t<\/div>\n\t\t\t\t\t<\/div>\n\t\t<\/section>\n\t\t\t\t<section class=\"elementor-section elementor-top-section elementor-element elementor-element-aba0bc8 elementor-section-full_width ot-traditional elementor-section-height-default elementor-section-height-default\" data-id=\"aba0bc8\" data-element_type=\"section\">\n\t\t\t\t\t\t<div class=\"elementor-container elementor-column-gap-default\">\n\t\t\t\t\t<div class=\"elementor-column elementor-col-100 elementor-top-column elementor-element elementor-element-aa84c84 ot-flex-column-vertical\" data-id=\"aa84c84\" data-element_type=\"column\">\n\t\t\t<div class=\"elementor-widget-wrap elementor-element-populated\">\n\t\t\t\t\t\t<div class=\"elementor-element elementor-element-1952363 elementor-widget elementor-widget-google_maps\" data-id=\"1952363\" data-element_type=\"widget\" data-widget_type=\"google_maps.default\">\n\t\t\t\t<div class=\"elementor-widget-container\">\n\t\t\t\t\t\t\t<div class=\"elementor-custom-embed\">\n\t\t\t<iframe loading=\"lazy\"\n\t\t\t\t\tsrc=\"https:\/\/maps.google.com\/maps?q=Av.%20J%C3%BAlio%20Borela%2C%20777%2C%20Marau%2C%20RS&#038;t=m&#038;z=10&#038;output=embed&#038;iwloc=near\"\n\t\t\t\t\ttitle=\"Av. J\u00falio Borela, 777, Marau, RS\"\n\t\t\t\t\taria-label=\"Av. J\u00falio Borela, 777, Marau, RS\"\n\t\t\t><\/iframe>\n\t\t<\/div>\n\t\t\t\t\t\t<\/div>\n\t\t\t\t<\/div>\n\t\t\t\t\t<\/div>\n\t\t<\/div>\n\t\t\t\t\t<\/div>\n\t\t<\/section>\n\t\t\t\t<\/div>","protected":false},"excerpt":{"rendered":"<p>\/\/ Transforme sua empresa Fale conosco Vamos transformar sua empresa para o futuro da Industria 4.0. Entre contato agende uma visita de nossos especialistas em transforma\u00e7\u00e3o e vamos aumentar seus lucros. Nosso Escrit\u00f3rio: Rua Aur\u00e9lio Giusepe Dilda, 538 Lot. Jos\u00e9 P Bernardi Marau\/RS Nosso E-mail: contato@allcancetec.com.br Nossos Telefones: Atendimento: (54) 3342-4588 Comercial: (54) 99179-8775 Suporte: [&hellip;]<\/p>","protected":false},"author":12,"featured_media":0,"parent":0,"menu_order":0,"comment_status":"closed","ping_status":"closed","template":"","meta":{"footnotes":""},"class_list":["post-1370","page","type-page","status-publish","hentry"],"yoast_head":"<!-- This site is optimized with the Yoast SEO plugin v27.2 - https:\/\/yoast.com\/product\/yoast-seo-wordpress\/ -->\n<title>Contato - Allcance Tecnologia<\/title>\n<meta name=\"robots\" content=\"index, follow, max-snippet:-1, max-image-preview:large, max-video-preview:-1\" \/>\n<link rel=\"canonical\" href=\"https:\/\/allcancetec.com.br\/en\/contato\/\" \/>\n<meta property=\"og:locale\" content=\"en_US\" \/>\n<meta property=\"og:type\" content=\"article\" \/>\n<meta property=\"og:title\" content=\"Contato - Allcance Tecnologia\" \/>\n<meta property=\"og:description\" content=\"\/\/ Transforme sua empresa Fale conosco Vamos transformar sua empresa para o futuro da Industria 4.0. Entre contato agende uma visita de nossos especialistas em transforma\u00e7\u00e3o e vamos aumentar seus lucros. Nosso Escrit\u00f3rio: Rua Aur\u00e9lio Giusepe Dilda, 538 Lot. Jos\u00e9 P Bernardi Marau\/RS Nosso E-mail: contato@allcancetec.com.br Nossos Telefones: Atendimento: (54) 3342-4588 Comercial: (54) 99179-8775 Suporte: [&hellip;]\" \/>\n<meta property=\"og:url\" content=\"https:\/\/allcancetec.com.br\/en\/contato\/\" \/>\n<meta property=\"og:site_name\" content=\"Allcance Tecnologia\" \/>\n<meta property=\"article:modified_time\" content=\"2025-05-27T12:23:02+00:00\" \/>\n<meta name=\"twitter:card\" content=\"summary_large_image\" \/>\n<meta name=\"twitter:label1\" content=\"Est. reading time\" \/>\n\t<meta name=\"twitter:data1\" content=\"1 minute\" \/>\n<script type=\"application\/ld+json\" class=\"yoast-schema-graph\">{\"@context\":\"https:\/\/schema.org\",\"@graph\":[{\"@type\":\"WebPage\",\"@id\":\"https:\/\/allcancetec.com.br\/contato\/\",\"url\":\"https:\/\/allcancetec.com.br\/contato\/\",\"name\":\"Contato - Allcance Tecnologia\",\"isPartOf\":{\"@id\":\"https:\/\/allcancetec.com.br\/#website\"},\"datePublished\":\"2020-01-02T06:28:08+00:00\",\"dateModified\":\"2025-05-27T12:23:02+00:00\",\"breadcrumb\":{\"@id\":\"https:\/\/allcancetec.com.br\/contato\/#breadcrumb\"},\"inLanguage\":\"en-US\",\"potentialAction\":[{\"@type\":\"ReadAction\",\"target\":[\"https:\/\/allcancetec.com.br\/contato\/\"]}]},{\"@type\":\"BreadcrumbList\",\"@id\":\"https:\/\/allcancetec.com.br\/contato\/#breadcrumb\",\"itemListElement\":[{\"@type\":\"ListItem\",\"position\":1,\"name\":\"In\u00edcio\",\"item\":\"https:\/\/allcancetec.com.br\/\"},{\"@type\":\"ListItem\",\"position\":2,\"name\":\"Contato\"}]},{\"@type\":\"WebSite\",\"@id\":\"https:\/\/allcancetec.com.br\/#website\",\"url\":\"https:\/\/allcancetec.com.br\/\",\"name\":\"Allcance Tecnologia\",\"description\":\"Software para industrial 4.0\",\"publisher\":{\"@id\":\"https:\/\/allcancetec.com.br\/#organization\"},\"potentialAction\":[{\"@type\":\"SearchAction\",\"target\":{\"@type\":\"EntryPoint\",\"urlTemplate\":\"https:\/\/allcancetec.com.br\/?s={search_term_string}\"},\"query-input\":{\"@type\":\"PropertyValueSpecification\",\"valueRequired\":true,\"valueName\":\"search_term_string\"}}],\"inLanguage\":\"en-US\"},{\"@type\":\"Organization\",\"@id\":\"https:\/\/allcancetec.com.br\/#organization\",\"name\":\"Allcance Tecnologia\",\"url\":\"https:\/\/allcancetec.com.br\/\",\"logo\":{\"@type\":\"ImageObject\",\"inLanguage\":\"en-US\",\"@id\":\"https:\/\/allcancetec.com.br\/#\/schema\/logo\/image\/\",\"url\":\"https:\/\/allcancetec.com.br\/wp-content\/uploads\/2021\/02\/Logo-Allcance-Horizontal.png\",\"contentUrl\":\"https:\/\/allcancetec.com.br\/wp-content\/uploads\/2021\/02\/Logo-Allcance-Horizontal.png\",\"width\":500,\"height\":200,\"caption\":\"Allcance Tecnologia\"},\"image\":{\"@id\":\"https:\/\/allcancetec.com.br\/#\/schema\/logo\/image\/\"}}]}<\/script>\n<!-- \/ Yoast SEO plugin. -->","yoast_head_json":{"title":"Contato - Allcance Tecnologia","robots":{"index":"index","follow":"follow","max-snippet":"max-snippet:-1","max-image-preview":"max-image-preview:large","max-video-preview":"max-video-preview:-1"},"canonical":"https:\/\/allcancetec.com.br\/en\/contato\/","og_locale":"en_US","og_type":"article","og_title":"Contato - Allcance Tecnologia","og_description":"\/\/ Transforme sua empresa Fale conosco Vamos transformar sua empresa para o futuro da Industria 4.0. Entre contato agende uma visita de nossos especialistas em transforma\u00e7\u00e3o e vamos aumentar seus lucros. Nosso Escrit\u00f3rio: Rua Aur\u00e9lio Giusepe Dilda, 538 Lot. Jos\u00e9 P Bernardi Marau\/RS Nosso E-mail: contato@allcancetec.com.br Nossos Telefones: Atendimento: (54) 3342-4588 Comercial: (54) 99179-8775 Suporte: [&hellip;]","og_url":"https:\/\/allcancetec.com.br\/en\/contato\/","og_site_name":"Allcance Tecnologia","article_modified_time":"2025-05-27T12:23:02+00:00","twitter_card":"summary_large_image","twitter_misc":{"Est. reading time":"1 minute"},"schema":{"@context":"https:\/\/schema.org","@graph":[{"@type":"WebPage","@id":"https:\/\/allcancetec.com.br\/contato\/","url":"https:\/\/allcancetec.com.br\/contato\/","name":"Contato - Allcance Tecnologia","isPartOf":{"@id":"https:\/\/allcancetec.com.br\/#website"},"datePublished":"2020-01-02T06:28:08+00:00","dateModified":"2025-05-27T12:23:02+00:00","breadcrumb":{"@id":"https:\/\/allcancetec.com.br\/contato\/#breadcrumb"},"inLanguage":"en-US","potentialAction":[{"@type":"ReadAction","target":["https:\/\/allcancetec.com.br\/contato\/"]}]},{"@type":"BreadcrumbList","@id":"https:\/\/allcancetec.com.br\/contato\/#breadcrumb","itemListElement":[{"@type":"ListItem","position":1,"name":"In\u00edcio","item":"https:\/\/allcancetec.com.br\/"},{"@type":"ListItem","position":2,"name":"Contato"}]},{"@type":"WebSite","@id":"https:\/\/allcancetec.com.br\/#website","url":"https:\/\/allcancetec.com.br\/","name":"Allcance Tecnologia","description":"Software para industrial 4.0","publisher":{"@id":"https:\/\/allcancetec.com.br\/#organization"},"potentialAction":[{"@type":"SearchAction","target":{"@type":"EntryPoint","urlTemplate":"https:\/\/allcancetec.com.br\/?s={search_term_string}"},"query-input":{"@type":"PropertyValueSpecification","valueRequired":true,"valueName":"search_term_string"}}],"inLanguage":"en-US"},{"@type":"Organization","@id":"https:\/\/allcancetec.com.br\/#organization","name":"Allcance Tecnologia","url":"https:\/\/allcancetec.com.br\/","logo":{"@type":"ImageObject","inLanguage":"en-US","@id":"https:\/\/allcancetec.com.br\/#\/schema\/logo\/image\/","url":"https:\/\/allcancetec.com.br\/wp-content\/uploads\/2021\/02\/Logo-Allcance-Horizontal.png","contentUrl":"https:\/\/allcancetec.com.br\/wp-content\/uploads\/2021\/02\/Logo-Allcance-Horizontal.png","width":500,"height":200,"caption":"Allcance Tecnologia"},"image":{"@id":"https:\/\/allcancetec.com.br\/#\/schema\/logo\/image\/"}}]}},"_links":{"self":[{"href":"https:\/\/allcancetec.com.br\/en\/wp-json\/wp\/v2\/pages\/1370","targetHints":{"allow":["GET"]}}],"collection":[{"href":"https:\/\/allcancetec.com.br\/en\/wp-json\/wp\/v2\/pages"}],"about":[{"href":"https:\/\/allcancetec.com.br\/en\/wp-json\/wp\/v2\/types\/page"}],"author":[{"embeddable":true,"href":"https:\/\/allcancetec.com.br\/en\/wp-json\/wp\/v2\/users\/12"}],"replies":[{"embeddable":true,"href":"https:\/\/allcancetec.com.br\/en\/wp-json\/wp\/v2\/comments?post=1370"}],"version-history":[{"count":28,"href":"https:\/\/allcancetec.com.br\/en\/wp-json\/wp\/v2\/pages\/1370\/revisions"}],"predecessor-version":[{"id":6076,"href":"https:\/\/allcancetec.com.br\/en\/wp-json\/wp\/v2\/pages\/1370\/revisions\/6076"}],"wp:attachment":[{"href":"https:\/\/allcancetec.com.br\/en\/wp-json\/wp\/v2\/media?parent=1370"}],"curies":[{"name":"wp","href":"https:\/\/api.w.org\/{rel}","templated":true}]}}